{"id":7594,"date":"2021-05-03T12:59:42","date_gmt":"2021-05-03T10:59:42","guid":{"rendered":"https:\/\/www.teatrodonizetti.it\/?page_id=7594"},"modified":"2021-06-01T18:01:12","modified_gmt":"2021-06-01T16:01:12","slug":"allestimenti-dincanto","status":"publish","type":"page","link":"https:\/\/www.teatrodonizetti.it\/it\/allestimenti-dincanto\/","title":{"rendered":"Allestimenti D&#8217;incanto"},"content":{"rendered":"<p><div class=\"fusion-fullwidth fullwidth-box fusion-builder-row-1 fusion-flex-container nonhundred-percent-fullwidth non-hundred-percent-height-scrolling\" style=\"--awb-border-radius-top-left:0px;--awb-border-radius-top-right:0px;--awb-border-radius-bottom-right:0px;--awb-border-radius-bottom-left:0px;--awb-flex-wrap:wrap;\" ><div class=\"fusion-builder-row fusion-row fusion-flex-align-items-flex-start fusion-flex-content-wrap\" style=\"max-width:1331.2px;margin-left: calc(-4% \/ 2 );margin-right: calc(-4% \/ 2 );\"><div class=\"fusion-layout-column fusion_builder_column fusion-builder-column-0 fusion_builder_column_1_1 1_1 fusion-flex-column\" style=\"--awb-bg-size:cover;--awb-width-large:100%;--awb-margin-top-large:0px;--awb-spacing-right-large:1.92%;--awb-margin-bottom-large:20px;--awb-spacing-left-large:1.92%;--awb-width-medium:100%;--awb-order-medium:0;--awb-spacing-right-medium:1.92%;--awb-spacing-left-medium:1.92%;--awb-width-small:100%;--awb-order-small:0;--awb-spacing-right-small:1.92%;--awb-spacing-left-small:1.92%;\"><div class=\"fusion-column-wrapper fusion-column-has-shadow fusion-flex-justify-content-flex-start fusion-content-layout-column\"><div class=\"fusion-title title fusion-title-1 fusion-sep-none fusion-title-text fusion-title-size-one\" style=\"--awb-text-color:rgba(211,22,12,0.84);\"><h1 class=\"fusion-title-heading title-heading-left fusion-responsive-typography-calculated\" style=\"font-family:&quot;Lato&quot;;font-style:normal;font-weight:400;margin:0;--fontSize:26;line-height:1.62;\">Bergamo si \u00e8 vestita D&#8217;incanto per l&#8217;inaugurazione del Teatro Donizetti.<\/h1><\/div><div class=\"fusion-text fusion-text-1\"><p>La riapertura al pubblico del Teatro Donizetti, dopo oltre tre anni di inattivit\u00e0, \u00e8 per Bergamo una data storica. \u00c8 stata molto pi\u00f9 che una semplice inaugurazione, la citt\u00e0 ha ritrovato uno dei suoi simboli e lo ha donato ai\u00a0cittadini in un gesto che risuona di speranza.<br \/>\nI numerosi protagonisti della campagna multisoggetto hanno, nei giorni precedenti l\u2019inaugurazione, trasportato la magia del teatro lungo le vie della citt\u00e0, colorando le strade e i luoghi di Bergamo con i colori e tutte le sfumature dell\u2019arte teatrale.<br \/>\nAffissioni, vetrofanie e ledwall sono comparsi in alcuni dei punti pi\u00f9 significativi\u00a0 della citt\u00e0 per comunicare questa occasione di festa, celebrata poi con delle vere e proprie installazioni artistiche nei giorni dell\u2019inaugurazione.<\/p>\n<\/div><\/div><\/div><\/div><\/div><div class=\"fusion-fullwidth fullwidth-box fusion-builder-row-2 fusion-flex-container nonhundred-percent-fullwidth non-hundred-percent-height-scrolling\" style=\"--awb-border-radius-top-left:0px;--awb-border-radius-top-right:0px;--awb-border-radius-bottom-right:0px;--awb-border-radius-bottom-left:0px;--awb-flex-wrap:wrap;\" ><div class=\"fusion-builder-row fusion-row fusion-flex-align-items-flex-start fusion-flex-content-wrap\" style=\"max-width:1331.2px;margin-left: calc(-4% \/ 2 );margin-right: calc(-4% \/ 2 );\"><div class=\"fusion-layout-column fusion_builder_column fusion-builder-column-1 fusion_builder_column_1_1 1_1 fusion-flex-column\" style=\"--awb-bg-size:cover;--awb-width-large:100%;--awb-margin-top-large:0px;--awb-spacing-right-large:1.92%;--awb-margin-bottom-large:20px;--awb-spacing-left-large:1.92%;--awb-width-medium:100%;--awb-order-medium:0;--awb-spacing-right-medium:1.92%;--awb-spacing-left-medium:1.92%;--awb-width-small:100%;--awb-order-small:0;--awb-spacing-right-small:1.92%;--awb-spacing-left-small:1.92%;\"><div class=\"fusion-column-wrapper fusion-column-has-shadow fusion-flex-justify-content-flex-start fusion-content-layout-column\"><\/div><\/div><\/div><\/div><div class=\"fusion-fullwidth fullwidth-box fusion-builder-row-3 fusion-flex-container nonhundred-percent-fullwidth non-hundred-percent-height-scrolling\" style=\"--awb-border-radius-top-left:0px;--awb-border-radius-top-right:0px;--awb-border-radius-bottom-right:0px;--awb-border-radius-bottom-left:0px;--awb-flex-wrap:wrap;\" ><div class=\"fusion-builder-row fusion-row fusion-flex-align-items-flex-start fusion-flex-content-wrap\" style=\"max-width:1331.2px;margin-left: calc(-4% \/ 2 );margin-right: calc(-4% \/ 2 );\"><div class=\"fusion-layout-column fusion_builder_column fusion-builder-column-2 fusion_builder_column_1_1 1_1 fusion-flex-column\" style=\"--awb-bg-size:cover;--awb-width-large:100%;--awb-margin-top-large:0px;--awb-spacing-right-large:1.92%;--awb-margin-bottom-large:20px;--awb-spacing-left-large:1.92%;--awb-width-medium:100%;--awb-order-medium:0;--awb-spacing-right-medium:1.92%;--awb-spacing-left-medium:1.92%;--awb-width-small:100%;--awb-order-small:0;--awb-spacing-right-small:1.92%;--awb-spacing-left-small:1.92%;\"><div class=\"fusion-column-wrapper fusion-column-has-shadow fusion-flex-justify-content-flex-start fusion-content-layout-column\"><div class=\"awb-gallery-wrapper awb-gallery-wrapper-1 button-span-no\"><div style=\"margin:-5px;--awb-bordersize:0px;\" class=\"fusion-gallery fusion-gallery-container fusion-grid-3 fusion-columns-total-11 fusion-gallery-layout-grid fusion-gallery-1\"><div style=\"padding:5px;\" class=\"fusion-grid-column fusion-gallery-column fusion-gallery-column-3\"><div class=\"fusion-gallery-image fusion-gallery-image-liftup\"><a href=\"https:\/\/www.teatrodonizetti.it\/wp-content\/uploads\/2021\/05\/IMG_6361.jpg\" rel=\"noreferrer\" data-rel=\"iLightbox[gallery_image_1]\" class=\"fusion-lightbox\" target=\"_self\"><img loading=\"lazy\" decoding=\"async\" src=\"https:\/\/www.teatrodonizetti.it\/wp-content\/uploads\/2021\/05\/IMG_6361.jpg\" width=\"1500\" height=\"1125\" alt=\"\" title=\"IMG_6361\" aria-label=\"IMG_6361\" class=\"img-responsive wp-image-8965\" srcset=\"https:\/\/www.teatrodonizetti.it\/wp-content\/uploads\/2021\/05\/IMG_6361-200x150.jpg 200w, https:\/\/www.teatrodonizetti.it\/wp-content\/uploads\/2021\/05\/IMG_6361-400x300.jpg 400w, https:\/\/www.teatrodonizetti.it\/wp-content\/uploads\/2021\/05\/IMG_6361-600x450.jpg 600w, https:\/\/www.teatrodonizetti.it\/wp-content\/uploads\/2021\/05\/IMG_6361-800x600.jpg 800w, https:\/\/www.teatrodonizetti.it\/wp-content\/uploads\/2021\/05\/IMG_6361-1200x900.jpg 1200w, https:\/\/www.teatrodonizetti.it\/wp-content\/uploads\/2021\/05\/IMG_6361.jpg 1500w\" sizes=\"auto, (min-width: 2200px) 100vw, (min-width: 784px) 423px, (min-width: 712px) 635px, (min-width: 640px) 712px, \" \/><\/a><\/div><\/div><div style=\"padding:5px;\" class=\"fusion-grid-column fusion-gallery-column fusion-gallery-column-3\"><div class=\"fusion-gallery-image fusion-gallery-image-liftup\"><a href=\"https:\/\/www.teatrodonizetti.it\/wp-content\/uploads\/2021\/06\/GFR_1403.png\" rel=\"noreferrer\" data-rel=\"iLightbox[gallery_image_1]\" class=\"fusion-lightbox\" target=\"_self\"><img loading=\"lazy\" decoding=\"async\" src=\"https:\/\/www.teatrodonizetti.it\/wp-content\/uploads\/2021\/06\/GFR_1403.png\" width=\"3000\" height=\"2000\" alt=\"\" title=\"GFR_1403\" aria-label=\"GFR_1403\" class=\"img-responsive wp-image-8969\" srcset=\"https:\/\/www.teatrodonizetti.it\/wp-content\/uploads\/2021\/06\/GFR_1403-200x133.png 200w, https:\/\/www.teatrodonizetti.it\/wp-content\/uploads\/2021\/06\/GFR_1403-400x267.png 400w, https:\/\/www.teatrodonizetti.it\/wp-content\/uploads\/2021\/06\/GFR_1403-600x400.png 600w, https:\/\/www.teatrodonizetti.it\/wp-content\/uploads\/2021\/06\/GFR_1403-800x533.png 800w, https:\/\/www.teatrodonizetti.it\/wp-content\/uploads\/2021\/06\/GFR_1403-1200x800.png 1200w, https:\/\/www.teatrodonizetti.it\/wp-content\/uploads\/2021\/06\/GFR_1403.png 3000w\" sizes=\"auto, (min-width: 2200px) 100vw, (min-width: 784px) 423px, (min-width: 712px) 635px, (min-width: 640px) 712px, \" \/><\/a><\/div><\/div><div style=\"padding:5px;\" class=\"fusion-grid-column fusion-gallery-column fusion-gallery-column-3\"><div class=\"fusion-gallery-image fusion-gallery-image-liftup\"><a href=\"https:\/\/www.teatrodonizetti.it\/wp-content\/uploads\/2021\/06\/IMG_6375-scaled-e1622707461213.jpg\" rel=\"noreferrer\" data-rel=\"iLightbox[gallery_image_1]\" class=\"fusion-lightbox\" target=\"_self\"><img loading=\"lazy\" decoding=\"async\" src=\"https:\/\/www.teatrodonizetti.it\/wp-content\/uploads\/2021\/06\/IMG_6375-scaled-e1622707461213.jpg\" width=\"2526\" height=\"1038\" alt=\"\" title=\"IMG_6375\" aria-label=\"IMG_6375\" class=\"img-responsive wp-image-8973\" srcset=\"https:\/\/www.teatrodonizetti.it\/wp-content\/uploads\/2021\/06\/IMG_6375-scaled-e1622707461213-200x82.jpg 200w, https:\/\/www.teatrodonizetti.it\/wp-content\/uploads\/2021\/06\/IMG_6375-scaled-e1622707461213-400x164.jpg 400w, https:\/\/www.teatrodonizetti.it\/wp-content\/uploads\/2021\/06\/IMG_6375-scaled-e1622707461213-600x247.jpg 600w, https:\/\/www.teatrodonizetti.it\/wp-content\/uploads\/2021\/06\/IMG_6375-scaled-e1622707461213-800x329.jpg 800w, https:\/\/www.teatrodonizetti.it\/wp-content\/uploads\/2021\/06\/IMG_6375-scaled-e1622707461213-1200x493.jpg 1200w, https:\/\/www.teatrodonizetti.it\/wp-content\/uploads\/2021\/06\/IMG_6375-scaled-e1622707461213.jpg 2526w\" sizes=\"auto, (min-width: 2200px) 100vw, (min-width: 784px) 423px, (min-width: 712px) 635px, (min-width: 640px) 712px, \" \/><\/a><\/div><\/div><div class=\"clearfix\"><\/div><div style=\"padding:5px;\" class=\"fusion-grid-column fusion-gallery-column fusion-gallery-column-3\"><div class=\"fusion-gallery-image fusion-gallery-image-liftup\"><a href=\"https:\/\/www.teatrodonizetti.it\/wp-content\/uploads\/2021\/06\/IMG_6196-scaled.jpg\" rel=\"noreferrer\" data-rel=\"iLightbox[gallery_image_1]\" class=\"fusion-lightbox\" target=\"_self\"><img loading=\"lazy\" decoding=\"async\" src=\"https:\/\/www.teatrodonizetti.it\/wp-content\/uploads\/2021\/06\/IMG_6196-scaled.jpg\" width=\"2560\" height=\"1729\" alt=\"\" title=\"IMG_6196\" aria-label=\"IMG_6196\" class=\"img-responsive wp-image-8971\" srcset=\"https:\/\/www.teatrodonizetti.it\/wp-content\/uploads\/2021\/06\/IMG_6196-200x135.jpg 200w, https:\/\/www.teatrodonizetti.it\/wp-content\/uploads\/2021\/06\/IMG_6196-400x270.jpg 400w, https:\/\/www.teatrodonizetti.it\/wp-content\/uploads\/2021\/06\/IMG_6196-600x405.jpg 600w, https:\/\/www.teatrodonizetti.it\/wp-content\/uploads\/2021\/06\/IMG_6196-800x540.jpg 800w, https:\/\/www.teatrodonizetti.it\/wp-content\/uploads\/2021\/06\/IMG_6196-1200x811.jpg 1200w, https:\/\/www.teatrodonizetti.it\/wp-content\/uploads\/2021\/06\/IMG_6196-scaled.jpg 2560w\" sizes=\"auto, (min-width: 2200px) 100vw, (min-width: 784px) 423px, (min-width: 712px) 635px, (min-width: 640px) 712px, \" \/><\/a><\/div><\/div><div style=\"padding:5px;\" class=\"fusion-grid-column fusion-gallery-column fusion-gallery-column-3\"><div class=\"fusion-gallery-image fusion-gallery-image-liftup\"><a href=\"https:\/\/www.teatrodonizetti.it\/wp-content\/uploads\/2021\/06\/crema.jpg\" rel=\"noreferrer\" data-rel=\"iLightbox[gallery_image_1]\" class=\"fusion-lightbox\" target=\"_self\"><img loading=\"lazy\" decoding=\"async\" src=\"https:\/\/www.teatrodonizetti.it\/wp-content\/uploads\/2021\/06\/crema.jpg\" width=\"2000\" height=\"900\" alt=\"\" title=\"crema\" aria-label=\"crema\" class=\"img-responsive wp-image-8967\" srcset=\"https:\/\/www.teatrodonizetti.it\/wp-content\/uploads\/2021\/06\/crema-200x90.jpg 200w, https:\/\/www.teatrodonizetti.it\/wp-content\/uploads\/2021\/06\/crema-400x180.jpg 400w, https:\/\/www.teatrodonizetti.it\/wp-content\/uploads\/2021\/06\/crema-600x270.jpg 600w, https:\/\/www.teatrodonizetti.it\/wp-content\/uploads\/2021\/06\/crema-800x360.jpg 800w, https:\/\/www.teatrodonizetti.it\/wp-content\/uploads\/2021\/06\/crema-1200x540.jpg 1200w, https:\/\/www.teatrodonizetti.it\/wp-content\/uploads\/2021\/06\/crema.jpg 2000w\" sizes=\"auto, (min-width: 2200px) 100vw, (min-width: 784px) 423px, (min-width: 712px) 635px, (min-width: 640px) 712px, \" \/><\/a><\/div><\/div><div style=\"padding:5px;\" class=\"fusion-grid-column fusion-gallery-column fusion-gallery-column-3\"><div class=\"fusion-gallery-image fusion-gallery-image-liftup\"><a href=\"https:\/\/www.teatrodonizetti.it\/wp-content\/uploads\/2021\/06\/IMG_5987-scaled.jpg\" rel=\"noreferrer\" data-rel=\"iLightbox[gallery_image_1]\" class=\"fusion-lightbox\" target=\"_self\"><img loading=\"lazy\" decoding=\"async\" src=\"https:\/\/www.teatrodonizetti.it\/wp-content\/uploads\/2021\/06\/IMG_5987-scaled.jpg\" width=\"1920\" height=\"2560\" alt=\"\" title=\"IMG_5987\" aria-label=\"IMG_5987\" class=\"img-responsive wp-image-8975\" srcset=\"https:\/\/www.teatrodonizetti.it\/wp-content\/uploads\/2021\/06\/IMG_5987-200x267.jpg 200w, https:\/\/www.teatrodonizetti.it\/wp-content\/uploads\/2021\/06\/IMG_5987-400x533.jpg 400w, https:\/\/www.teatrodonizetti.it\/wp-content\/uploads\/2021\/06\/IMG_5987-600x800.jpg 600w, https:\/\/www.teatrodonizetti.it\/wp-content\/uploads\/2021\/06\/IMG_5987-800x1067.jpg 800w, https:\/\/www.teatrodonizetti.it\/wp-content\/uploads\/2021\/06\/IMG_5987-1200x1600.jpg 1200w, https:\/\/www.teatrodonizetti.it\/wp-content\/uploads\/2021\/06\/IMG_5987-scaled.jpg 1920w\" sizes=\"auto, (min-width: 2200px) 100vw, (min-width: 784px) 423px, (min-width: 712px) 635px, (min-width: 640px) 712px, \" \/><\/a><\/div><\/div><div class=\"clearfix\"><\/div><div style=\"padding:5px;\" class=\"fusion-grid-column fusion-gallery-column fusion-gallery-column-3\"><div class=\"fusion-gallery-image fusion-gallery-image-liftup\"><a href=\"https:\/\/www.teatrodonizetti.it\/wp-content\/uploads\/2021\/05\/Optimized-IMG_0684-M.jpg\" rel=\"noreferrer\" data-rel=\"iLightbox[gallery_image_1]\" class=\"fusion-lightbox\" target=\"_self\"><img loading=\"lazy\" decoding=\"async\" src=\"https:\/\/www.teatrodonizetti.it\/wp-content\/uploads\/2021\/05\/Optimized-IMG_0684-M.jpg\" width=\"1200\" height=\"729\" alt=\"\" title=\"Optimized-IMG_0684 M\" aria-label=\"Optimized-IMG_0684 M\" class=\"img-responsive wp-image-7605\" srcset=\"https:\/\/www.teatrodonizetti.it\/wp-content\/uploads\/2021\/05\/Optimized-IMG_0684-M-200x122.jpg 200w, https:\/\/www.teatrodonizetti.it\/wp-content\/uploads\/2021\/05\/Optimized-IMG_0684-M-400x243.jpg 400w, https:\/\/www.teatrodonizetti.it\/wp-content\/uploads\/2021\/05\/Optimized-IMG_0684-M-600x365.jpg 600w, https:\/\/www.teatrodonizetti.it\/wp-content\/uploads\/2021\/05\/Optimized-IMG_0684-M-800x486.jpg 800w, https:\/\/www.teatrodonizetti.it\/wp-content\/uploads\/2021\/05\/Optimized-IMG_0684-M.jpg 1200w\" sizes=\"auto, (min-width: 2200px) 100vw, (min-width: 784px) 423px, (min-width: 712px) 635px, (min-width: 640px) 712px, \" \/><\/a><\/div><\/div><div style=\"padding:5px;\" class=\"fusion-grid-column fusion-gallery-column fusion-gallery-column-3\"><div class=\"fusion-gallery-image fusion-gallery-image-liftup\"><a href=\"https:\/\/www.teatrodonizetti.it\/wp-content\/uploads\/2021\/06\/IMG_6049-scaled.jpg\" rel=\"noreferrer\" data-rel=\"iLightbox[gallery_image_1]\" class=\"fusion-lightbox\" target=\"_self\"><img loading=\"lazy\" decoding=\"async\" src=\"https:\/\/www.teatrodonizetti.it\/wp-content\/uploads\/2021\/06\/IMG_6049-scaled.jpg\" width=\"2560\" height=\"1920\" alt=\"\" title=\"IMG_6049\" aria-label=\"IMG_6049\" class=\"img-responsive wp-image-8977\" srcset=\"https:\/\/www.teatrodonizetti.it\/wp-content\/uploads\/2021\/06\/IMG_6049-200x150.jpg 200w, https:\/\/www.teatrodonizetti.it\/wp-content\/uploads\/2021\/06\/IMG_6049-400x300.jpg 400w, https:\/\/www.teatrodonizetti.it\/wp-content\/uploads\/2021\/06\/IMG_6049-600x450.jpg 600w, https:\/\/www.teatrodonizetti.it\/wp-content\/uploads\/2021\/06\/IMG_6049-800x600.jpg 800w, https:\/\/www.teatrodonizetti.it\/wp-content\/uploads\/2021\/06\/IMG_6049-1200x900.jpg 1200w, https:\/\/www.teatrodonizetti.it\/wp-content\/uploads\/2021\/06\/IMG_6049-scaled.jpg 2560w\" sizes=\"auto, (min-width: 2200px) 100vw, (min-width: 784px) 423px, (min-width: 712px) 635px, (min-width: 640px) 712px, \" \/><\/a><\/div><\/div><div style=\"padding:5px;\" class=\"fusion-grid-column fusion-gallery-column fusion-gallery-column-3\"><div class=\"fusion-gallery-image fusion-gallery-image-liftup\"><a href=\"https:\/\/www.teatrodonizetti.it\/wp-content\/uploads\/2021\/06\/IMG_5979-scaled.jpg\" rel=\"noreferrer\" data-rel=\"iLightbox[gallery_image_1]\" class=\"fusion-lightbox\" target=\"_self\"><img loading=\"lazy\" decoding=\"async\" src=\"https:\/\/www.teatrodonizetti.it\/wp-content\/uploads\/2021\/06\/IMG_5979-scaled.jpg\" width=\"2560\" height=\"1920\" alt=\"\" title=\"IMG_5979\" aria-label=\"IMG_5979\" class=\"img-responsive wp-image-8979\" srcset=\"https:\/\/www.teatrodonizetti.it\/wp-content\/uploads\/2021\/06\/IMG_5979-200x150.jpg 200w, https:\/\/www.teatrodonizetti.it\/wp-content\/uploads\/2021\/06\/IMG_5979-400x300.jpg 400w, https:\/\/www.teatrodonizetti.it\/wp-content\/uploads\/2021\/06\/IMG_5979-600x450.jpg 600w, https:\/\/www.teatrodonizetti.it\/wp-content\/uploads\/2021\/06\/IMG_5979-800x600.jpg 800w, https:\/\/www.teatrodonizetti.it\/wp-content\/uploads\/2021\/06\/IMG_5979-1200x900.jpg 1200w, https:\/\/www.teatrodonizetti.it\/wp-content\/uploads\/2021\/06\/IMG_5979-scaled.jpg 2560w\" sizes=\"auto, (min-width: 2200px) 100vw, (min-width: 784px) 423px, (min-width: 712px) 635px, (min-width: 640px) 712px, \" \/><\/a><\/div><\/div><div class=\"clearfix\"><\/div><div style=\"padding:5px;\" class=\"fusion-grid-column fusion-gallery-column fusion-gallery-column-3\"><div class=\"fusion-gallery-image fusion-gallery-image-liftup\"><a href=\"https:\/\/www.teatrodonizetti.it\/wp-content\/uploads\/2021\/06\/IMG_6345-scaled.jpg\" rel=\"noreferrer\" data-rel=\"iLightbox[gallery_image_1]\" class=\"fusion-lightbox\" target=\"_self\"><img loading=\"lazy\" decoding=\"async\" src=\"https:\/\/www.teatrodonizetti.it\/wp-content\/uploads\/2021\/06\/IMG_6345-scaled.jpg\" width=\"2560\" height=\"1920\" alt=\"\" title=\"IMG_6345\" aria-label=\"IMG_6345\" class=\"img-responsive wp-image-8981\" srcset=\"https:\/\/www.teatrodonizetti.it\/wp-content\/uploads\/2021\/06\/IMG_6345-200x150.jpg 200w, https:\/\/www.teatrodonizetti.it\/wp-content\/uploads\/2021\/06\/IMG_6345-400x300.jpg 400w, https:\/\/www.teatrodonizetti.it\/wp-content\/uploads\/2021\/06\/IMG_6345-600x450.jpg 600w, https:\/\/www.teatrodonizetti.it\/wp-content\/uploads\/2021\/06\/IMG_6345-800x600.jpg 800w, https:\/\/www.teatrodonizetti.it\/wp-content\/uploads\/2021\/06\/IMG_6345-1200x900.jpg 1200w, https:\/\/www.teatrodonizetti.it\/wp-content\/uploads\/2021\/06\/IMG_6345-scaled.jpg 2560w\" sizes=\"auto, (min-width: 2200px) 100vw, (min-width: 784px) 423px, (min-width: 712px) 635px, (min-width: 640px) 712px, \" \/><\/a><\/div><\/div><div style=\"padding:5px;\" class=\"fusion-grid-column fusion-gallery-column fusion-gallery-column-3\"><div class=\"fusion-gallery-image fusion-gallery-image-liftup\"><a href=\"https:\/\/www.teatrodonizetti.it\/wp-content\/uploads\/2021\/05\/Optimized-IMG_0689-M-e1620039067998.jpg\" rel=\"noreferrer\" data-rel=\"iLightbox[gallery_image_1]\" class=\"fusion-lightbox\" target=\"_self\"><img loading=\"lazy\" decoding=\"async\" src=\"https:\/\/www.teatrodonizetti.it\/wp-content\/uploads\/2021\/05\/Optimized-IMG_0689-M-e1620039067998.jpg\" width=\"1197\" height=\"621\" alt=\"\" title=\"Optimized-IMG_0689 M\" aria-label=\"Optimized-IMG_0689 M\" class=\"img-responsive wp-image-7602\" srcset=\"https:\/\/www.teatrodonizetti.it\/wp-content\/uploads\/2021\/05\/Optimized-IMG_0689-M-e1620039067998-200x104.jpg 200w, https:\/\/www.teatrodonizetti.it\/wp-content\/uploads\/2021\/05\/Optimized-IMG_0689-M-e1620039067998-400x208.jpg 400w, https:\/\/www.teatrodonizetti.it\/wp-content\/uploads\/2021\/05\/Optimized-IMG_0689-M-e1620039067998-600x311.jpg 600w, https:\/\/www.teatrodonizetti.it\/wp-content\/uploads\/2021\/05\/Optimized-IMG_0689-M-e1620039067998-800x415.jpg 800w, https:\/\/www.teatrodonizetti.it\/wp-content\/uploads\/2021\/05\/Optimized-IMG_0689-M-e1620039067998.jpg 1197w\" sizes=\"auto, (min-width: 2200px) 100vw, (min-width: 784px) 423px, (min-width: 712px) 635px, (min-width: 640px) 712px, \" \/><\/a><\/div><\/div><\/div><\/div><\/div><\/div><\/div><\/div><div class=\"fusion-fullwidth fullwidth-box fusion-builder-row-4 fusion-flex-container nonhundred-percent-fullwidth non-hundred-percent-height-scrolling\" style=\"--awb-border-radius-top-left:0px;--awb-border-radius-top-right:0px;--awb-border-radius-bottom-right:0px;--awb-border-radius-bottom-left:0px;--awb-flex-wrap:wrap;\" ><div class=\"fusion-builder-row fusion-row fusion-flex-align-items-flex-start fusion-flex-content-wrap\" style=\"max-width:1331.2px;margin-left: calc(-4% \/ 2 );margin-right: calc(-4% \/ 2 );\"><div class=\"fusion-layout-column fusion_builder_column fusion-builder-column-3 fusion_builder_column_1_1 1_1 fusion-flex-column\" style=\"--awb-bg-size:cover;--awb-width-large:100%;--awb-margin-top-large:0px;--awb-spacing-right-large:1.92%;--awb-margin-bottom-large:20px;--awb-spacing-left-large:1.92%;--awb-width-medium:100%;--awb-order-medium:0;--awb-spacing-right-medium:1.92%;--awb-spacing-left-medium:1.92%;--awb-width-small:100%;--awb-order-small:0;--awb-spacing-right-small:1.92%;--awb-spacing-left-small:1.92%;\"><div class=\"fusion-column-wrapper fusion-column-has-shadow fusion-flex-justify-content-flex-start fusion-content-layout-column\"><div ><a class=\"fusion-button button-flat button-medium button-default fusion-button-default button-1 fusion-button-default-span fusion-button-default-type btn_centered\" style=\"--button_margin-top:1rem;--button_margin-left:1rem;width:calc(100% - 1rem);\" target=\"_self\" href=\"https:\/\/teatrodonizetti.it\/it\/dincanto-la-riapertura-del-teatro-donizetti\/\"><span class=\"fusion-button-text awb-button__text awb-button__text--default\">Torna a D&#8217;incanto la riapertura del Teatro Donizetti<\/span><\/a><\/div><\/div><\/div><\/div><\/div><\/p>\n","protected":false},"excerpt":{"rendered":"","protected":false},"author":1,"featured_media":0,"parent":0,"menu_order":0,"comment_status":"closed","ping_status":"closed","template":"100-width.php","meta":{"footnotes":""},"folder":[],"class_list":["post-7594","page","type-page","status-publish","hentry"],"_links":{"self":[{"href":"https:\/\/www.teatrodonizetti.it\/it\/wp-json\/wp\/v2\/pages\/7594","targetHints":{"allow":["GET"]}}],"collection":[{"href":"https:\/\/www.teatrodonizetti.it\/it\/wp-json\/wp\/v2\/pages"}],"about":[{"href":"https:\/\/www.teatrodonizetti.it\/it\/wp-json\/wp\/v2\/types\/page"}],"author":[{"embeddable":true,"href":"https:\/\/www.teatrodonizetti.it\/it\/wp-json\/wp\/v2\/users\/1"}],"replies":[{"embeddable":true,"href":"https:\/\/www.teatrodonizetti.it\/it\/wp-json\/wp\/v2\/comments?post=7594"}],"version-history":[{"count":0,"href":"https:\/\/www.teatrodonizetti.it\/it\/wp-json\/wp\/v2\/pages\/7594\/revisions"}],"wp:attachment":[{"href":"https:\/\/www.teatrodonizetti.it\/it\/wp-json\/wp\/v2\/media?parent=7594"}],"wp:term":[{"taxonomy":"folder","embeddable":true,"href":"https:\/\/www.teatrodonizetti.it\/it\/wp-json\/wp\/v2\/folder?post=7594"}],"curies":[{"name":"wp","href":"https:\/\/api.w.org\/{rel}","templated":true}]}}