{"id":4743,"date":"2021-02-19T09:32:43","date_gmt":"2021-02-19T08:32:43","guid":{"rendered":"http:\/\/www.teatrodonizetti.it\/?page_id=4743"},"modified":"2025-09-10T16:03:27","modified_gmt":"2025-09-10T14:03:27","slug":"come-raggiungerci","status":"publish","type":"page","link":"https:\/\/www.teatrodonizetti.it\/it\/come-raggiungerci\/","title":{"rendered":"Come raggiungerci"},"content":{"rendered":"<p><div class=\"fusion-fullwidth fullwidth-box fusion-builder-row-1 hundred-percent-fullwidth non-hundred-percent-height-scrolling\" style=\"--awb-border-sizes-top:0;--awb-border-sizes-bottom:0;--awb-border-sizes-left:0;--awb-border-sizes-right:0;--awb-border-radius-top-left:0px;--awb-border-radius-top-right:0px;--awb-border-radius-bottom-right:0px;--awb-border-radius-bottom-left:0px;--awb-padding-top:0px;--awb-padding-right:0px;--awb-padding-bottom:0px;--awb-padding-left:0px;--awb-flex-wrap:wrap;\" ><div class=\"fusion-builder-row fusion-row\"><div class=\"fusion-layout-column fusion_builder_column fusion-builder-column-0 fusion_builder_column_1_1 1_1 fusion-one-full fusion-column-first fusion-column-last\" style=\"--awb-bg-size:cover;--awb-margin-bottom:0px;\"><div class=\"fusion-column-wrapper fusion-column-has-shadow fusion-flex-column-wrapper-legacy\">\t\t\t\t\t<script type=\"text\/javascript\">\n\t\t\t\t\t\tvar map_fusion_map_69e139258a7ac;\n\t\t\t\t\t\tvar markers = [];\n\t\t\t\t\t\tvar counter = 0;\n\t\t\t\t\t\t\t\t\t\t\t\t\t\t\t\t\t\t\t\tvar fusionMapNonce = '62133a9af2';\n\t\t\t\t\t\t\t\t\t\t\t\tfunction fusion_run_map_fusion_map_69e139258a7ac() {\n\t\t\t\t\t\t\tjQuery ('#fusion_map_69e139258a7ac' ).fusion_maps( {\n\t\t\t\t\t\t\t\taddresses: [{\"address\":\"Piazza Cavour, 15, Bergamo\",\"infobox_content\":\"Presso PROPILEI DI PORTA NUOVA\",\"marker\":\"https:\\\/\\\/www.teatrodonizetti.it\\\/wp-content\\\/plugins\\\/fusion-builder\\\/images\\\/avada_map_marker.png\",\"coordinates\":false,\"cache\":true,\"latitude\":\"45.6951545\",\"longitude\":\"9.6710509\"},{\"address\":\"Via Colleoni, 4, Bergamo Alta \",\"infobox_content\":\"Presso TEATRO SOCIALE\",\"marker\":\"https:\\\/\\\/www.teatrodonizetti.it\\\/wp-content\\\/plugins\\\/fusion-builder\\\/images\\\/avada_map_marker.png\",\"coordinates\":false,\"cache\":true,\"latitude\":\"45.7045662\",\"longitude\":\"9.6625379\"}],\n\t\t\t\t\t\t\t\tanimations: true,\n\t\t\t\t\t\t\t\tinfobox_background_color: '',\n\t\t\t\t\t\t\t\tinfobox_styling: 'default',\n\t\t\t\t\t\t\t\tinfobox_text_color: '',\n\t\t\t\t\t\t\t\tmap_style: 'custom',\n\t\t\t\t\t\t\t\tmap_type: 'roadmap',\n\t\t\t\t\t\t\t\tmarker_icon: 'theme',\n\t\t\t\t\t\t\t\toverlay_color: '#d3d3d3',\n\t\t\t\t\t\t\t\toverlay_color_hsl: {\"hue\":0,\"sat\":0,\"lum\":83},\n\t\t\t\t\t\t\t\tshow_address: false,\n\t\t\t\t\t\t\t\tscale_control: true,\n\t\t\t\t\t\t\t\tscrollwheel: false,\n\t\t\t\t\t\t\t\tzoom: 13,\n\t\t\t\t\t\t\t\tzoom_control: true,\n\t\t\t\t\t\t\t} );\n\t\t\t\t\t\t}\n\n\t\t\t\t\t\tgoogle.maps.event.addDomListener(window, 'load', fusion_run_map_fusion_map_69e139258a7ac);\n\t\t\t\t\t<\/script>\n\t\t\t\t\t<div class=\"shortcode-map fusion-google-map fusion-maps-js-type\" style=\"--awb-height:450px;\" id=\"fusion_map_69e139258a7ac\"><\/div><div class=\"fusion-clearfix\"><\/div><\/div><\/div><div class=\"fusion-layout-column fusion_builder_column fusion-builder-column-1 fusion_builder_column_1_1 1_1 fusion-one-full fusion-column-first fusion-column-last\" style=\"--awb-bg-size:cover;--awb-margin-bottom:0px;\"><div class=\"fusion-column-wrapper fusion-column-has-shadow fusion-flex-column-wrapper-legacy\"><div class=\"fusion-section-separator section-separator triangle fusion-section-separator-1\" style=\"--awb-border-top:1px solid #ffffff;--awb-spacer-height:1px;--awb-svg-margin-left:0;--awb-svg-margin-right:0;--awb-icon-color:#ffffff;\"><div class=\"fusion-section-separator-svg\"><div class=\"divider-candy-arrow top\" style=\"bottom:0px;border-bottom-color: #ffffff;\"><\/div><div class=\"divider-candy top\" style=\"top:-21px;border-bottom:1px solid #ffffff;border-left:1px solid #ffffff;\"><\/div><\/div><div class=\"fusion-section-separator-spacer\"><div class=\"fusion-section-separator-spacer-height\"><\/div><\/div><\/div><div class=\"fusion-clearfix\"><\/div><\/div><\/div><\/div><\/div><div class=\"fusion-fullwidth fullwidth-box fusion-builder-row-2 nonhundred-percent-fullwidth non-hundred-percent-height-scrolling\" style=\"--awb-border-sizes-top:0;--awb-border-sizes-bottom:0;--awb-border-sizes-left:0;--awb-border-sizes-right:0;--awb-border-radius-top-left:0px;--awb-border-radius-top-right:0px;--awb-border-radius-bottom-right:0px;--awb-border-radius-bottom-left:0px;--awb-padding-top:30px;--awb-padding-right:15%;--awb-padding-bottom:30px;--awb-padding-left:15%;--awb-flex-wrap:wrap;\" ><div class=\"fusion-builder-row fusion-row\"><div class=\"fusion-layout-column fusion_builder_column fusion-builder-column-2 fusion_builder_column_1_1 1_1 fusion-one-full fusion-column-first fusion-column-last\" style=\"--awb-bg-size:cover;--awb-margin-bottom:0px;\"><div class=\"fusion-column-wrapper fusion-column-has-shadow fusion-flex-column-wrapper-legacy\"><div class=\"fusion-text fusion-text-1\" style=\"--awb-text-transform:none;\"><h2><strong>TEATRO DONIZETTI<\/strong><\/h2>\n<h5><strong>Piazza Cavour, 15<\/strong><br \/>\n<strong>24121 Bergamo<\/strong><\/h5>\n<h5>Il Teatro Donizetti si trova nel pieno centro di Bergamo bassa, lungo il cosiddetto &#8220;Sentierone&#8221;.<\/h5>\n<h5><span style=\"text-decoration: underline;\">Accessibilit\u00e0<br \/>\n<\/span>Il Teatro \u00e8 dotato di attrezzature in grado di consentire l&#8217;accesso ai disabili in platea. Le toilette accessibili si trovato nel ridotto del Teatro.<\/h5>\n<\/div><div class=\"fusion-clearfix\"><\/div><\/div><\/div><div class=\"fusion-layout-column fusion_builder_column fusion-builder-column-3 fusion_builder_column_1_1 1_1 fusion-one-full fusion-column-first fusion-column-last\" style=\"--awb-bg-size:cover;--awb-margin-bottom:0px;\"><div class=\"fusion-column-wrapper fusion-column-has-shadow fusion-flex-column-wrapper-legacy\"><div class=\"fusion-sep-clear\"><\/div><div class=\"fusion-separator fusion-full-width-sep\" style=\"margin-left: auto;margin-right: auto;margin-top:10px;margin-bottom:10px;width:100%;\"><div class=\"fusion-separator-border sep-single\" style=\"--awb-height:20px;--awb-amount:20px;border-color:#e0dede;border-top-width:1px;\"><\/div><\/div><div class=\"fusion-sep-clear\"><\/div><div class=\"fusion-tabs fusion-tabs-1 clean nav-is-justified horizontal-tabs icon-position-left mobile-mode-accordion\" style=\"--awb-title-border-radius-top-left:0px;--awb-title-border-radius-top-right:0px;--awb-title-border-radius-bottom-right:0px;--awb-title-border-radius-bottom-left:0px;--awb-alignment:start;--awb-inactive-color:#ffffff;--awb-background-color:#f4f4f4;--awb-border-color:#f4f4f4;--awb-active-border-color:#be0000;\"><div class=\"nav\"><ul class=\"nav-tabs nav-justified\" role=\"tablist\"><li class=\"active\" role=\"presentation\"><a class=\"tab-link\" data-toggle=\"tab\" role=\"tab\" aria-controls=\"tab-8e468308f67517258ba\" aria-selected=\"true\" id=\"fusion-tab-inauto\" href=\"#tab-8e468308f67517258ba\"><h4 class=\"fusion-tab-heading\"><i class=\"fontawesome-icon fa-car fas\" aria-hidden=\"true\" style=\"font-size:13px;\"><\/i>IN AUTO<\/h4><\/a><\/li><li role=\"presentation\"><a class=\"tab-link\" data-toggle=\"tab\" role=\"tab\" aria-controls=\"tab-e7d614f3d455ced01b7\" aria-selected=\"false\" tabindex=\"-1\" id=\"fusion-tab-inautobus\" href=\"#tab-e7d614f3d455ced01b7\"><h4 class=\"fusion-tab-heading\"><i class=\"fontawesome-icon fa-bus fas\" aria-hidden=\"true\" style=\"font-size:13px;\"><\/i>IN AUTOBUS<\/h4><\/a><\/li><li role=\"presentation\"><a class=\"tab-link\" data-toggle=\"tab\" role=\"tab\" aria-controls=\"tab-71b9e471be33e10da4a\" aria-selected=\"false\" tabindex=\"-1\" id=\"fusion-tab-intreno\" href=\"#tab-71b9e471be33e10da4a\"><h4 class=\"fusion-tab-heading\"><i class=\"fontawesome-icon fa-train fas\" aria-hidden=\"true\" style=\"font-size:13px;\"><\/i>IN TRENO<\/h4><\/a><\/li><li role=\"presentation\"><a class=\"tab-link\" data-toggle=\"tab\" role=\"tab\" aria-controls=\"tab-39b6a8c36947a85d884\" aria-selected=\"false\" tabindex=\"-1\" id=\"fusion-tab-mobilit\u00c0sostenibile\" href=\"#tab-39b6a8c36947a85d884\"><h4 class=\"fusion-tab-heading\"><i class=\"fontawesome-icon fa-leaf fas\" aria-hidden=\"true\" style=\"font-size:13px;\"><\/i>MOBILIT\u00c0 SOSTENIBILE<\/h4><\/a><\/li><\/ul><\/div><div class=\"tab-content\"><div class=\"nav fusion-mobile-tab-nav\"><ul class=\"nav-tabs nav-justified\" role=\"tablist\"><li class=\"active\" role=\"presentation\"><a class=\"tab-link\" data-toggle=\"tab\" role=\"tab\" aria-controls=\"tab-8e468308f67517258ba\" aria-selected=\"true\" id=\"mobile-fusion-tab-inauto\" href=\"#tab-8e468308f67517258ba\"><h4 class=\"fusion-tab-heading\"><i class=\"fontawesome-icon fa-car fas\" aria-hidden=\"true\" style=\"font-size:13px;\"><\/i>IN AUTO<\/h4><\/a><\/li><\/ul><\/div><div class=\"tab-pane fade fusion-clearfix in active\" role=\"tabpanel\" tabindex=\"0\" aria-labelledby=\"fusion-tab-inauto\" id=\"tab-8e468308f67517258ba\">\n<h5>Chi giunge a Bergamo in auto deve seguire le indicazioni per il centro citt\u00e0; arrivati a Porta Nuova conviene lasciare l&#8217;auto nei pi\u00f9 vicini parcheggi sotterranei (piazza della Libert\u00e0 e via Borfuro).<\/h5>\n<h5>Tariffe agevolate per gli spettatori del Teatro Donizetti con <a href=\"https:\/\/www.bestinparking.com\/it\/it\/garage\/parcheggio-piazza-liberta\" target=\"_blank\" rel=\"noopener\">Parcheggio Piazza Libert\u00e0<\/a> e con <a href=\"https:\/\/atb.bergamo.it\/parcheggi\/parcheggi-di-bergamo-e-dintorni\/garage-san-marco\" target=\"_blank\" rel=\"noopener\">Garage San Marco<\/a>.<br \/>\nPer maggiori informazioni clicca <a href=\"https:\/\/www.teatrodonizetti.it\/it\/navette-atb\/\" target=\"_blank\" rel=\"noopener\">qui<\/a>.<\/h5>\n<\/div><div class=\"nav fusion-mobile-tab-nav\"><ul class=\"nav-tabs nav-justified\" role=\"tablist\"><li role=\"presentation\"><a class=\"tab-link\" data-toggle=\"tab\" role=\"tab\" aria-controls=\"tab-e7d614f3d455ced01b7\" aria-selected=\"false\" tabindex=\"-1\" id=\"mobile-fusion-tab-inautobus\" href=\"#tab-e7d614f3d455ced01b7\"><h4 class=\"fusion-tab-heading\"><i class=\"fontawesome-icon fa-bus fas\" aria-hidden=\"true\" style=\"font-size:13px;\"><\/i>IN AUTOBUS<\/h4><\/a><\/li><\/ul><\/div><div class=\"tab-pane fade fusion-clearfix\" role=\"tabpanel\" tabindex=\"0\" aria-labelledby=\"fusion-tab-inautobus\" id=\"tab-e7d614f3d455ced01b7\">\n<h5>Il Teatro pu\u00f2 essere raggiunto a piedi dalla stazione autolinee in cinque minuti, oppure con gli autobus delle linee 1 &#8211; 6 &#8211; 8 del trasporto pubblico urbano.<br \/>\nLa fermata dei mezzi di trasporto urbano \u00e8 Porta Nuova.<\/h5>\n<p>Maggiori informazioni su linee e orari <span style=\"color: #9e0909;\"><strong><a style=\"color: #9e0909;\" href=\"https:\/\/www.atb.bergamo.it\/it\/viaggia-con-noi\/linee-e-orari\" target=\"_blank\" rel=\"noopener\">qui<\/a>.<\/strong><\/span><\/p>\n<\/div><div class=\"nav fusion-mobile-tab-nav\"><ul class=\"nav-tabs nav-justified\" role=\"tablist\"><li role=\"presentation\"><a class=\"tab-link\" data-toggle=\"tab\" role=\"tab\" aria-controls=\"tab-71b9e471be33e10da4a\" aria-selected=\"false\" tabindex=\"-1\" id=\"mobile-fusion-tab-intreno\" href=\"#tab-71b9e471be33e10da4a\"><h4 class=\"fusion-tab-heading\"><i class=\"fontawesome-icon fa-train fas\" aria-hidden=\"true\" style=\"font-size:13px;\"><\/i>IN TRENO<\/h4><\/a><\/li><\/ul><\/div><div class=\"tab-pane fade fusion-clearfix\" role=\"tabpanel\" tabindex=\"0\" aria-labelledby=\"fusion-tab-intreno\" id=\"tab-71b9e471be33e10da4a\">\n<h5>Il Teatro pu\u00f2 essere raggiunto a piedi dalla stazione ferroviaria di Bergamo, oppure con gli autobus delle linee 1 &#8211; 6 &#8211; 8 &#8211; 9 &#8211; 10 &#8211; 15 del trasporto pubblico urbano.<br \/>\nLa fermata dei mezzi di trasporto urbano \u00e8 Porta Nuova (linee 1, 4, 6, 8, 9, 10, 11, 14, 15).<\/h5>\n<\/div><div class=\"nav fusion-mobile-tab-nav\"><ul class=\"nav-tabs nav-justified\" role=\"tablist\"><li role=\"presentation\"><a class=\"tab-link\" data-toggle=\"tab\" role=\"tab\" aria-controls=\"tab-39b6a8c36947a85d884\" aria-selected=\"false\" tabindex=\"-1\" id=\"mobile-fusion-tab-mobilit\u00c0sostenibile\" href=\"#tab-39b6a8c36947a85d884\"><h4 class=\"fusion-tab-heading\"><i class=\"fontawesome-icon fa-leaf fas\" aria-hidden=\"true\" style=\"font-size:13px;\"><\/i>MOBILIT\u00c0 SOSTENIBILE<\/h4><\/a><\/li><\/ul><\/div><div class=\"tab-pane fade fusion-clearfix\" role=\"tabpanel\" tabindex=\"0\" aria-labelledby=\"fusion-tab-mobilit\u00c0sostenibile\" id=\"tab-39b6a8c36947a85d884\">\n<h5><strong>CAR SHARING, BIKE SHARING e MONOPATTINI ELETTRICI<br \/>\n<\/strong>Il Comune di Bergamo offre la possibilit\u00e0 di muoversi in citt\u00e0 attraverso servizi di sharing con mezzi al 100% green: dalle auto elettriche alle bici, fino all\u2019ultima novit\u00e0, il monopattino elettrico.<\/h5>\n<ul>\n<li>\n<h5>Per il CAR SHARING: Mobilize e <a href=\"https:\/\/www.e-vai.com\/?gclid=Cj0KCQjwzYGGBhCTARIsAHdMTQydlDNmZusPo6jj8EZJzjjGookKv8Ls_-vPlSgWgly99nzDmpx-HFMaAsozEALw_wcB\" target=\"_blank\" rel=\"noopener\">E-Vai<\/a><\/h5>\n<\/li>\n<li>\n<h5>Per il BIKE SHARING: <a href=\"https:\/\/www.atb.bergamo.it\/it\/mobilita\/bike-sharing\" target=\"_blank\" rel=\"noopener\">BI-GI<\/a> e <a href=\"https:\/\/mobike.com\/global\/\" target=\"_blank\" rel=\"noopener\">MoBike<\/a><\/h5>\n<\/li>\n<li>\n<h5>Per i MONOPATTINI ELETTRICI: Reby e <a href=\"https:\/\/bitmobility.it\/app-monopattino-elettrico-bergamo\/\" target=\"_blank\" rel=\"noopener\">BIT Mobility<\/a><\/h5>\n<\/li>\n<\/ul>\n<\/div><\/div><\/div><div class=\"fusion-clearfix\"><\/div><\/div><\/div><\/div><\/div><div class=\"fusion-fullwidth fullwidth-box fusion-builder-row-3 nonhundred-percent-fullwidth non-hundred-percent-height-scrolling\" style=\"--awb-border-sizes-top:0;--awb-border-sizes-bottom:0;--awb-border-sizes-left:0;--awb-border-sizes-right:0;--awb-border-radius-top-left:0px;--awb-border-radius-top-right:0px;--awb-border-radius-bottom-right:0px;--awb-border-radius-bottom-left:0px;--awb-padding-top:30px;--awb-padding-right:15%;--awb-padding-bottom:30px;--awb-padding-left:15%;--awb-flex-wrap:wrap;\" ><div class=\"fusion-builder-row fusion-row\"><div class=\"fusion-layout-column fusion_builder_column fusion-builder-column-4 fusion_builder_column_1_1 1_1 fusion-one-full fusion-column-first fusion-column-last\" style=\"--awb-bg-size:cover;--awb-margin-bottom:0px;\"><div class=\"fusion-column-wrapper fusion-column-has-shadow fusion-flex-column-wrapper-legacy\"><div class=\"fusion-text fusion-text-2\" style=\"--awb-text-transform:none;\"><h2><strong>TEATRO SOCIALE<\/strong><\/h2>\n<h5><strong>Via Colleoni, 4<\/strong><br \/>\n<strong>24129 Bergamo Alta<\/strong><\/h5>\n<h5>Il Teatro Sociale si trova nel cuore di Bergamo Alta, lungo la cosiddetta &#8220;Corsarola&#8221;.<\/h5>\n<h5><span style=\"text-decoration: underline;\">Accessibilit\u00e0<\/span><br \/>\nIl Teatro \u00e8 dotato di attrezzature in grado di consentire l&#8217;accesso ai disabili in platea. Le toilette accessibili si trovato nel ridotto del Teatro.<\/h5>\n<\/div><div class=\"fusion-clearfix\"><\/div><\/div><\/div><div class=\"fusion-layout-column fusion_builder_column fusion-builder-column-5 fusion_builder_column_1_1 1_1 fusion-one-full fusion-column-first fusion-column-last\" style=\"--awb-bg-size:cover;--awb-margin-bottom:0px;\"><div class=\"fusion-column-wrapper fusion-column-has-shadow fusion-flex-column-wrapper-legacy\"><div class=\"fusion-sep-clear\"><\/div><div class=\"fusion-separator fusion-full-width-sep\" style=\"margin-left: auto;margin-right: auto;margin-top:10px;margin-bottom:10px;width:100%;\"><div class=\"fusion-separator-border sep-single\" style=\"--awb-height:20px;--awb-amount:20px;border-color:#e0dede;border-top-width:1px;\"><\/div><\/div><div class=\"fusion-sep-clear\"><\/div><div class=\"fusion-tabs fusion-tabs-2 clean nav-is-justified horizontal-tabs icon-position-left mobile-mode-accordion\" style=\"--awb-title-border-radius-top-left:0px;--awb-title-border-radius-top-right:0px;--awb-title-border-radius-bottom-right:0px;--awb-title-border-radius-bottom-left:0px;--awb-alignment:start;--awb-inactive-color:#ffffff;--awb-background-color:#f4f4f4;--awb-border-color:#f4f4f4;--awb-active-border-color:#be0000;\"><div class=\"nav\"><ul class=\"nav-tabs nav-justified\" role=\"tablist\"><li class=\"active\" role=\"presentation\"><a class=\"tab-link\" data-toggle=\"tab\" role=\"tab\" aria-controls=\"tab-a5aeb7d69a6ae1a84c7\" aria-selected=\"true\" id=\"fusion-tab-inauto\" href=\"#tab-a5aeb7d69a6ae1a84c7\"><h4 class=\"fusion-tab-heading\"><i class=\"fontawesome-icon fa-car fas\" aria-hidden=\"true\" style=\"font-size:13px;\"><\/i>IN AUTO<\/h4><\/a><\/li><li role=\"presentation\"><a class=\"tab-link\" data-toggle=\"tab\" role=\"tab\" aria-controls=\"tab-62bf1c7a79ce2807d6b\" aria-selected=\"false\" tabindex=\"-1\" id=\"fusion-tab-inautobus\" href=\"#tab-62bf1c7a79ce2807d6b\"><h4 class=\"fusion-tab-heading\"><i class=\"fontawesome-icon fa-bus fas\" aria-hidden=\"true\" style=\"font-size:13px;\"><\/i>IN AUTOBUS<\/h4><\/a><\/li><li role=\"presentation\"><a class=\"tab-link\" data-toggle=\"tab\" role=\"tab\" aria-controls=\"tab-0abc77dc6314eb01d7a\" aria-selected=\"false\" tabindex=\"-1\" id=\"fusion-tab-intreno\" href=\"#tab-0abc77dc6314eb01d7a\"><h4 class=\"fusion-tab-heading\"><i class=\"fontawesome-icon fa-train fas\" aria-hidden=\"true\" style=\"font-size:13px;\"><\/i>IN TRENO<\/h4><\/a><\/li><li role=\"presentation\"><a class=\"tab-link\" data-toggle=\"tab\" role=\"tab\" aria-controls=\"tab-f6ca4f17da5b71b55fb\" aria-selected=\"false\" tabindex=\"-1\" id=\"fusion-tab-mobilit\u00c0sostenibile\" href=\"#tab-f6ca4f17da5b71b55fb\"><h4 class=\"fusion-tab-heading\"><i class=\"fontawesome-icon fa-leaf fas\" aria-hidden=\"true\" style=\"font-size:13px;\"><\/i>MOBILIT\u00c0 SOSTENIBILE<\/h4><\/a><\/li><\/ul><\/div><div class=\"tab-content\"><div class=\"nav fusion-mobile-tab-nav\"><ul class=\"nav-tabs nav-justified\" role=\"tablist\"><li class=\"active\" role=\"presentation\"><a class=\"tab-link\" data-toggle=\"tab\" role=\"tab\" aria-controls=\"tab-a5aeb7d69a6ae1a84c7\" aria-selected=\"true\" id=\"mobile-fusion-tab-inauto\" href=\"#tab-a5aeb7d69a6ae1a84c7\"><h4 class=\"fusion-tab-heading\"><i class=\"fontawesome-icon fa-car fas\" aria-hidden=\"true\" style=\"font-size:13px;\"><\/i>IN AUTO<\/h4><\/a><\/li><\/ul><\/div><div class=\"tab-pane fade fusion-clearfix in active\" role=\"tabpanel\" tabindex=\"0\" aria-labelledby=\"fusion-tab-inauto\" id=\"tab-a5aeb7d69a6ae1a84c7\">\n<h5>Chi giunge a Bergamo in auto deve seguire le indicazioni per il centro storico; arrivati a Porta Nuova conviene lasciare l&#8217;auto nei pi\u00f9 vicini parcheggi sotterranei (piazza della Libert\u00e0 e via Borfuro) e prendere l\u2019autobus della Linea 1 per Citt\u00e0 Alta.<\/h5>\n<h5>Oppure \u00e8 possibile proseguire in auto fino a Bergamo Alta e parcheggiare nei parcheggi a pagamento all\u2019interno della cerchia muraria.<\/h5>\n<h5>Il Teatro Sociale si trova all&#8217;interno della ZTL Citt\u00e0 Alta e Colli che osserva i seguenti giorni e orari:<\/h5>\n<div id=\"block-stu3-italia-content\" class=\"block block-system block-system-main-block\">\n<article class=\"node node--type-stu-page node--view-mode-full Prose\" role=\"article\">\n<div class=\"node__content\">\n<div class=\"clearfix text-formatted field field--name-body field--type-text-with-summary field--label-hidden field__item Prose\">\n<table class=\"Table Table--withBorder Table--striped\" cellspacing=\"1\" cellpadding=\"1\" align=\"center\">\n<tbody>\n<tr>\n<td>\n<h5><strong>Via<\/strong><\/h5>\n<\/td>\n<td>\n<h5><strong>Tratto<\/strong><\/h5>\n<\/td>\n<td>\n<h5><strong>In vigore<\/strong><\/h5>\n<\/td>\n<td>\n<h5><strong>Dalle<\/strong><\/h5>\n<\/td>\n<td>\n<h5><strong>Alle<\/strong><\/h5>\n<\/td>\n<td>\n<h5><strong>Dalle<\/strong><\/h5>\n<\/td>\n<td>\n<h5><strong>Alle<\/strong><\/h5>\n<\/td>\n<\/tr>\n<tr>\n<td colspan=\"1\" rowspan=\"2\">\n<h5>Citt\u00e0 Alta e Colli<\/h5>\n<\/td>\n<td>\n<h5>in tutta la ZTL<\/h5>\n<\/td>\n<td>\n<h5>tutti i giorni festivi dell&#8217;anno<\/h5>\n<\/td>\n<td>\n<h5>10:00<\/h5>\n<\/td>\n<td>\n<h5>12:00<\/h5>\n<\/td>\n<td>\n<h5>14:00<\/h5>\n<\/td>\n<td>\n<h5>19:00<\/h5>\n<\/td>\n<\/tr>\n<tr>\n<td>\n<h5>in tutta la ZTL<\/h5>\n<\/td>\n<td>\n<h5>gioved\u00ec, venerd\u00ec e sabato*<\/h5>\n<\/td>\n<td><\/td>\n<td><\/td>\n<td>\n<h5>21:00<\/h5>\n<\/td>\n<td>\n<h5>01:00<\/h5>\n<\/td>\n<\/tr>\n<tr>\n<td colspan=\"7\">\n<h5><em>*dal gioved\u00ec successivo all&#8217;entrata in vigore dell&#8217;ora legale, al sabato precedente l&#8217;entrata in vigore dell&#8217;ora solare.<\/em><\/h5>\n<\/td>\n<\/tr>\n<tr>\n<td colspan=\"7\"><\/td>\n<\/tr>\n<tr>\n<td colspan=\"3\"><\/td>\n<td colspan=\"4\"><\/td>\n<\/tr>\n<\/tbody>\n<\/table>\n<h5>Maggiori informazioni <a href=\"https:\/\/www.comune.bergamo.it\/node\/741058\" target=\"_blank\" rel=\"noopener\"><span style=\"color: #9e0606;\"><strong>qui<\/strong><\/span><\/a>.<\/h5>\n<\/div>\n<\/div>\n<\/article>\n<\/div>\n<\/div><div class=\"nav fusion-mobile-tab-nav\"><ul class=\"nav-tabs nav-justified\" role=\"tablist\"><li role=\"presentation\"><a class=\"tab-link\" data-toggle=\"tab\" role=\"tab\" aria-controls=\"tab-62bf1c7a79ce2807d6b\" aria-selected=\"false\" tabindex=\"-1\" id=\"mobile-fusion-tab-inautobus\" href=\"#tab-62bf1c7a79ce2807d6b\"><h4 class=\"fusion-tab-heading\"><i class=\"fontawesome-icon fa-bus fas\" aria-hidden=\"true\" style=\"font-size:13px;\"><\/i>IN AUTOBUS<\/h4><\/a><\/li><\/ul><\/div><div class=\"tab-pane fade fusion-clearfix\" role=\"tabpanel\" tabindex=\"0\" aria-labelledby=\"fusion-tab-inautobus\" id=\"tab-62bf1c7a79ce2807d6b\">\n<h5>Il Teatro pu\u00f2 essere raggiunto dalla stazione autolinee in quindici minuti con gli autobus della Linea 1 del trasporto pubblico urbano. La fermata dei mezzi di trasporto urbano \u00e8 Colle Aperto. Dalla fermata dell\u2019autobus al teatro ci sono meno di 10 minuti a piedi.<\/h5>\n<h5>Citt\u00e0 Alta \u00e8 inoltre servita dalla Linea 3 (fermata Piazza Mercato delle Scarpe), dall\u2019Airport Bus, che collega l\u2019Aeroporto \u201cCaravaggio\u201d con Colle Aperto, e dalla Funicolare, situata a met\u00e0 di viale Vittorio Emanuele con arrivo in Piazza Mercato delle Scarpe.<\/h5>\n<h5>La stazione della funivia che collega la citt\u00e0 bassa con citt\u00e0 alta dista 300 metri dal Teatro Sociale.<\/h5>\n<h5>Maggiori informazioni su linee e orari <span style=\"color: #9e0909;\"><strong><a style=\"color: #9e0909;\" href=\"https:\/\/www.atb.bergamo.it\/it\/viaggia-con-noi\/linee-e-orari\" target=\"_blank\" rel=\"noopener\">qui<\/a>.<\/strong><\/span><\/h5>\n<\/div><div class=\"nav fusion-mobile-tab-nav\"><ul class=\"nav-tabs nav-justified\" role=\"tablist\"><li role=\"presentation\"><a class=\"tab-link\" data-toggle=\"tab\" role=\"tab\" aria-controls=\"tab-0abc77dc6314eb01d7a\" aria-selected=\"false\" tabindex=\"-1\" id=\"mobile-fusion-tab-intreno\" href=\"#tab-0abc77dc6314eb01d7a\"><h4 class=\"fusion-tab-heading\"><i class=\"fontawesome-icon fa-train fas\" aria-hidden=\"true\" style=\"font-size:13px;\"><\/i>IN TRENO<\/h4><\/a><\/li><\/ul><\/div><div class=\"tab-pane fade fusion-clearfix\" role=\"tabpanel\" tabindex=\"0\" aria-labelledby=\"fusion-tab-intreno\" id=\"tab-0abc77dc6314eb01d7a\">\n<h5>Il Teatro pu\u00f2 essere raggiunto dalla stazione ferroviaria in quindici minuti con gli autobus della Linea 1 del trasporto pubblico urbano. La fermata dei mezzi di trasporto urbano \u00e8 Colle Aperto. Dalla fermata dell\u2019autobus al teatro ci sono meno di 10 minuti a piedi.<\/h5>\n<\/div><div class=\"nav fusion-mobile-tab-nav\"><ul class=\"nav-tabs nav-justified\" role=\"tablist\"><li role=\"presentation\"><a class=\"tab-link\" data-toggle=\"tab\" role=\"tab\" aria-controls=\"tab-f6ca4f17da5b71b55fb\" aria-selected=\"false\" tabindex=\"-1\" id=\"mobile-fusion-tab-mobilit\u00c0sostenibile\" href=\"#tab-f6ca4f17da5b71b55fb\"><h4 class=\"fusion-tab-heading\"><i class=\"fontawesome-icon fa-leaf fas\" aria-hidden=\"true\" style=\"font-size:13px;\"><\/i>MOBILIT\u00c0 SOSTENIBILE<\/h4><\/a><\/li><\/ul><\/div><div class=\"tab-pane fade fusion-clearfix\" role=\"tabpanel\" tabindex=\"0\" aria-labelledby=\"fusion-tab-mobilit\u00c0sostenibile\" id=\"tab-f6ca4f17da5b71b55fb\">\n<h5><strong>CAR SHARING, BIKE SHARING e MONOPATTINI ELETTRICI<br \/>\n<\/strong>Il Comune di Bergamo offre la possibilit\u00e0 di muoversi in citt\u00e0 attraverso servizi di sharing con mezzi al 100% green: dalle auto elettriche alle bici, fino all\u2019ultima novit\u00e0, il monopattino elettrico.<\/h5>\n<ul>\n<li>\n<h5>Per il CAR SHARING: Mobilize e <a href=\"https:\/\/www.e-vai.com\/?gclid=Cj0KCQjwzYGGBhCTARIsAHdMTQydlDNmZusPo6jj8EZJzjjGookKv8Ls_-vPlSgWgly99nzDmpx-HFMaAsozEALw_wcB\" target=\"_blank\" rel=\"noopener\">E-Vai<\/a><\/h5>\n<\/li>\n<li>\n<h5>Per il BIKE SHARING: <a href=\"https:\/\/www.atb.bergamo.it\/it\/mobilita\/bike-sharing\" target=\"_blank\" rel=\"noopener\">BI-GI<\/a> e <a href=\"https:\/\/mobike.com\/global\/\" target=\"_blank\" rel=\"noopener\">MoBike<\/a><\/h5>\n<\/li>\n<li>\n<h5>Per i MONOPATTINI ELETTRICI: Reby e <a href=\"https:\/\/bitmobility.it\/app-monopattino-elettrico-bergamo\/\" target=\"_blank\" rel=\"noopener\">BIT Mobility<\/a><\/h5>\n<\/li>\n<\/ul>\n<\/div><\/div><\/div><div class=\"fusion-clearfix\"><\/div><\/div><\/div><\/div><\/div><\/p>\n","protected":false},"excerpt":{"rendered":"","protected":false},"author":1,"featured_media":0,"parent":0,"menu_order":0,"comment_status":"closed","ping_status":"closed","template":"100-width.php","meta":{"footnotes":""},"folder":[],"class_list":["post-4743","page","type-page","status-publish","hentry"],"_links":{"self":[{"href":"https:\/\/www.teatrodonizetti.it\/it\/wp-json\/wp\/v2\/pages\/4743","targetHints":{"allow":["GET"]}}],"collection":[{"href":"https:\/\/www.teatrodonizetti.it\/it\/wp-json\/wp\/v2\/pages"}],"about":[{"href":"https:\/\/www.teatrodonizetti.it\/it\/wp-json\/wp\/v2\/types\/page"}],"author":[{"embeddable":true,"href":"https:\/\/www.teatrodonizetti.it\/it\/wp-json\/wp\/v2\/users\/1"}],"replies":[{"embeddable":true,"href":"https:\/\/www.teatrodonizetti.it\/it\/wp-json\/wp\/v2\/comments?post=4743"}],"version-history":[{"count":2,"href":"https:\/\/www.teatrodonizetti.it\/it\/wp-json\/wp\/v2\/pages\/4743\/revisions"}],"predecessor-version":[{"id":38076,"href":"https:\/\/www.teatrodonizetti.it\/it\/wp-json\/wp\/v2\/pages\/4743\/revisions\/38076"}],"wp:attachment":[{"href":"https:\/\/www.teatrodonizetti.it\/it\/wp-json\/wp\/v2\/media?parent=4743"}],"wp:term":[{"taxonomy":"folder","embeddable":true,"href":"https:\/\/www.teatrodonizetti.it\/it\/wp-json\/wp\/v2\/folder?post=4743"}],"curies":[{"name":"wp","href":"https:\/\/api.w.org\/{rel}","templated":true}]}}