{"id":4548,"date":"2021-02-18T14:38:46","date_gmt":"2021-02-18T13:38:46","guid":{"rendered":"http:\/\/www.teatrodonizetti.it\/il-jazz-italiano-per-bergamo-copy\/"},"modified":"2021-04-27T13:03:11","modified_gmt":"2021-04-27T11:03:11","slug":"ftd-offstage-dialoghi-in-streaming","status":"publish","type":"page","link":"https:\/\/www.teatrodonizetti.it\/it\/ftd-offstage-dialoghi-in-streaming\/","title":{"rendered":"FTD OFFSTAGE Dialoghi in streaming"},"content":{"rendered":"<p><div class=\"fusion-fullwidth fullwidth-box fusion-builder-row-1 nonhundred-percent-fullwidth non-hundred-percent-height-scrolling\" style=\"--awb-border-radius-top-left:0px;--awb-border-radius-top-right:0px;--awb-border-radius-bottom-right:0px;--awb-border-radius-bottom-left:0px;--awb-flex-wrap:wrap;\" ><div class=\"fusion-builder-row fusion-row\"><div class=\"fusion-layout-column fusion_builder_column fusion-builder-column-0 fusion_builder_column_1_2 1_2 fusion-one-half fusion-column-first\" style=\"--awb-bg-size:cover;width:50%;width:calc(50% - ( ( 4% ) * 0.5 ) );margin-right: 4%;\"><div class=\"fusion-column-wrapper fusion-column-has-shadow fusion-flex-column-wrapper-legacy\"><div class=\"fusion-image-element in-legacy-container\" style=\"--awb-caption-title-font-family:var(--h2_typography-font-family);--awb-caption-title-font-weight:var(--h2_typography-font-weight);--awb-caption-title-font-style:var(--h2_typography-font-style);--awb-caption-title-size:var(--h2_typography-font-size);--awb-caption-title-transform:var(--h2_typography-text-transform);--awb-caption-title-line-height:var(--h2_typography-line-height);--awb-caption-title-letter-spacing:var(--h2_typography-letter-spacing);\"><span class=\" fusion-imageframe imageframe-none imageframe-1 hover-type-none\"><img decoding=\"async\" title=\"xFTD21_Offstage_Cover_Insta-400&#215;400\" src=\"http:\/\/www.teatrodonizetti.it\/wp-content\/uploads\/2021\/02\/xFTD21_Offstage_Cover_Insta-400x400-1.jpg\" alt class=\"img-responsive wp-image-4554\"\/><\/span><\/div><div class=\"fusion-clearfix\"><\/div><\/div><\/div><div class=\"fusion-layout-column fusion_builder_column fusion-builder-column-1 fusion_builder_column_1_2 1_2 fusion-one-half fusion-column-last\" style=\"--awb-bg-size:cover;width:50%;width:calc(50% - ( ( 4% ) * 0.5 ) );\"><div class=\"fusion-column-wrapper fusion-column-has-shadow fusion-flex-column-wrapper-legacy\"><div class=\"fusion-text fusion-text-1\"><p><strong>FTD OFFSTAGE: Dialoghi in streaming<\/strong> \u00e8 stata un&#8217;iniziativa che la Fondazione Teatro Donizetti ha proposto per mantenere vivo il legame con la Citt\u00e0 e con il proprio pubblico durante l&#8217;estate 2020: da giugno ad agosto, ogni gioved\u00ec, i tre Direttori Artistici della Fondazione, <strong>Maria Pia De Vito<\/strong> per <em>Bergamo Jazz<\/em>, <strong>Francesco Micheli<\/strong> per il festival <em>Donizetti Opera <\/em>e <strong>Maria Grazia Panigada<\/strong> per la <em>Stagione di Prosa e Altri Percorsi<\/em>, hanno incontrato \u201cfuori dal palcoscenico\u201d attori, registi, musicisti, cantanti, operatori dei vari settori, invitandoli a raccontare le proprie esperienze di spettacolo ma anche a riflettere sul difficile momento segnato dall&#8217;emergenza sanitaria legata al Covid-19, pensando e parlando di proposte per il futuro.<\/p>\n<\/div><div class=\"fusion-clearfix\"><\/div><\/div><\/div><\/div><\/div><div class=\"fusion-fullwidth fullwidth-box fusion-builder-row-2 nonhundred-percent-fullwidth non-hundred-percent-height-scrolling\" style=\"--awb-border-radius-top-left:0px;--awb-border-radius-top-right:0px;--awb-border-radius-bottom-right:0px;--awb-border-radius-bottom-left:0px;--awb-flex-wrap:wrap;\" ><div class=\"fusion-builder-row fusion-row\"><div class=\"fusion-layout-column fusion_builder_column fusion-builder-column-2 fusion_builder_column_1_1 1_1 fusion-one-full fusion-column-first fusion-column-last\" style=\"--awb-bg-size:cover;\"><div class=\"fusion-column-wrapper fusion-column-has-shadow fusion-flex-column-wrapper-legacy\"><div class=\"fusion-sep-clear\"><\/div><div class=\"fusion-separator\" style=\"margin-left: auto;margin-right: auto;margin-top:20px;margin-bottom:20px;width:100%;max-width:20px;\"><\/div><div class=\"fusion-sep-clear\"><\/div><div class=\"fusion-clearfix\"><\/div><\/div><\/div><\/div><\/div><div class=\"fusion-fullwidth fullwidth-box fusion-builder-row-3 fusion-flex-container nonhundred-percent-fullwidth non-hundred-percent-height-scrolling\" style=\"--awb-border-radius-top-left:0px;--awb-border-radius-top-right:0px;--awb-border-radius-bottom-right:0px;--awb-border-radius-bottom-left:0px;--awb-flex-wrap:wrap;\" ><div class=\"fusion-builder-row fusion-row fusion-flex-align-items-flex-start fusion-flex-content-wrap\" style=\"max-width:1331.2px;margin-left: calc(-4% \/ 2 );margin-right: calc(-4% \/ 2 );\"><div class=\"fusion-layout-column fusion_builder_column fusion-builder-column-3 fusion_builder_column_1_1 1_1 fusion-flex-column\" style=\"--awb-padding-top:10px;--awb-padding-right:20px;--awb-padding-bottom:10px;--awb-padding-left:20px;--awb-bg-color:#be0000;--awb-bg-color-hover:#be0000;--awb-bg-size:cover;--awb-width-large:100%;--awb-margin-top-large:0px;--awb-spacing-right-large:1.92%;--awb-margin-bottom-large:20px;--awb-spacing-left-large:1.92%;--awb-width-medium:100%;--awb-order-medium:0;--awb-spacing-right-medium:1.92%;--awb-spacing-left-medium:1.92%;--awb-width-small:100%;--awb-order-small:0;--awb-spacing-right-small:1.92%;--awb-spacing-left-small:1.92%;\"><div class=\"fusion-column-wrapper fusion-column-has-shadow fusion-flex-justify-content-flex-start fusion-content-layout-column\"><div class=\"fusion-text fusion-text-2\"><h3><span style=\"color: #ffffff;\">I video di <em>FTD OFFSTAGE &#8211; Dialoghi in streaming<\/em><\/span><\/h3>\n<\/div><\/div><\/div><div class=\"fusion-layout-column fusion_builder_column fusion-builder-column-4 fusion_builder_column_1_1 1_1 fusion-flex-column\" style=\"--awb-bg-size:cover;--awb-width-large:100%;--awb-margin-top-large:0px;--awb-spacing-right-large:1.92%;--awb-margin-bottom-large:20px;--awb-spacing-left-large:1.92%;--awb-width-medium:100%;--awb-order-medium:0;--awb-spacing-right-medium:1.92%;--awb-spacing-left-medium:1.92%;--awb-width-small:100%;--awb-order-small:0;--awb-spacing-right-small:1.92%;--awb-spacing-left-small:1.92%;\"><div class=\"fusion-column-wrapper fusion-column-has-shadow fusion-flex-justify-content-flex-start fusion-content-layout-column\"><div class=\"accordian fusion-accordian\" style=\"--awb-border-size:1px;--awb-icon-size:13px;--awb-content-font-size:15px;--awb-icon-alignment:left;--awb-hover-color:#f9f9f9;--awb-border-color:#cccccc;--awb-background-color:#ffffff;--awb-divider-color:#e0dede;--awb-divider-hover-color:#e0dede;--awb-icon-color:#ffffff;--awb-title-color:#333333;--awb-content-color:#747474;--awb-icon-box-color:#333333;--awb-toggle-hover-accent-color:#be1a00;--awb-title-font-family:&quot;Raleway&quot;;--awb-title-font-weight:300;--awb-title-font-style:normal;--awb-title-font-size:20px;--awb-content-font-family:&quot;Open Sans&quot;;--awb-content-font-style:normal;--awb-content-font-weight:regular;\"><div class=\"panel-group fusion-toggle-icon-boxed\" id=\"accordion-4548-1\"><div class=\"fusion-panel panel-default panel-0ad5351c1836ceee2 fusion-toggle-no-divider fusion-toggle-boxed-mode\"><div class=\"panel-heading\"><h4 class=\"panel-title toggle\" id=\"toggle_0ad5351c1836ceee2\"><a aria-expanded=\"false\" aria-controls=\"0ad5351c1836ceee2\" role=\"button\" data-toggle=\"collapse\" data-parent=\"#accordion-4548-1\" data-target=\"#0ad5351c1836ceee2\" href=\"#0ad5351c1836ceee2\"><span class=\"fusion-toggle-icon-wrapper\" aria-hidden=\"true\"><i class=\"fa-fusion-box active-icon awb-icon-minus\" aria-hidden=\"true\"><\/i><i class=\"fa-fusion-box inactive-icon awb-icon-plus\" aria-hidden=\"true\"><\/i><\/span><span class=\"fusion-toggle-heading\">Maria Grazia Panigada in dialogo con Alessio Boni e Omar Pedrini<\/span><\/a><\/h4><\/div><div id=\"0ad5351c1836ceee2\" class=\"panel-collapse collapse \" aria-labelledby=\"toggle_0ad5351c1836ceee2\"><div class=\"panel-body toggle-content fusion-clearfix\"><div class=\"fusion-video fusion-youtube\" style=\"--awb-max-width:600px;--awb-max-height:360px;--awb-align-self:center;--awb-width:100%;\"><div class=\"video-shortcode\"><lite-youtube videoid=\"LV811cRnCbs\" class=\"landscape\" params=\"wmode=transparent&autoplay=1&amp;enablejsapi=1\" title=\"YouTube video player 1\" data-button-label=\"Play Video\" width=\"600\" height=\"360\" data-thumbnail-size=\"auto\" data-no-cookie=\"on\"><\/lite-youtube><\/div><\/div><\/div><\/div><\/div><div class=\"fusion-panel panel-default panel-f98b562ec538fc5bd fusion-toggle-no-divider fusion-toggle-boxed-mode\"><div class=\"panel-heading\"><h4 class=\"panel-title toggle\" id=\"toggle_f98b562ec538fc5bd\"><a aria-expanded=\"false\" aria-controls=\"f98b562ec538fc5bd\" role=\"button\" data-toggle=\"collapse\" data-parent=\"#accordion-4548-1\" data-target=\"#f98b562ec538fc5bd\" href=\"#f98b562ec538fc5bd\"><span class=\"fusion-toggle-icon-wrapper\" aria-hidden=\"true\"><i class=\"fa-fusion-box active-icon awb-icon-minus\" aria-hidden=\"true\"><\/i><i class=\"fa-fusion-box inactive-icon awb-icon-plus\" aria-hidden=\"true\"><\/i><\/span><span class=\"fusion-toggle-heading\">Francesco Micheli in dialogo con Riccardo Frizza<\/span><\/a><\/h4><\/div><div id=\"f98b562ec538fc5bd\" class=\"panel-collapse collapse \" aria-labelledby=\"toggle_f98b562ec538fc5bd\"><div class=\"panel-body toggle-content fusion-clearfix\"><div class=\"fusion-video fusion-youtube\" style=\"--awb-max-width:600px;--awb-max-height:360px;--awb-align-self:center;--awb-width:100%;\"><div class=\"video-shortcode\"><lite-youtube videoid=\"TYZVukKowyQ\" class=\"landscape\" params=\"wmode=transparent&autoplay=1&amp;enablejsapi=1\" title=\"YouTube video player 2\" data-button-label=\"Play Video\" width=\"600\" height=\"360\" data-thumbnail-size=\"auto\" data-no-cookie=\"on\"><\/lite-youtube><\/div><\/div><\/div><\/div><\/div><div class=\"fusion-panel panel-default panel-f7859346101932cde fusion-toggle-no-divider fusion-toggle-boxed-mode\"><div class=\"panel-heading\"><h4 class=\"panel-title toggle\" id=\"toggle_f7859346101932cde\"><a aria-expanded=\"false\" aria-controls=\"f7859346101932cde\" role=\"button\" data-toggle=\"collapse\" data-parent=\"#accordion-4548-1\" data-target=\"#f7859346101932cde\" href=\"#f7859346101932cde\"><span class=\"fusion-toggle-icon-wrapper\" aria-hidden=\"true\"><i class=\"fa-fusion-box active-icon awb-icon-minus\" aria-hidden=\"true\"><\/i><i class=\"fa-fusion-box inactive-icon awb-icon-plus\" aria-hidden=\"true\"><\/i><\/span><span class=\"fusion-toggle-heading\">Maria Pia De Vito in dialogo con Paolo Fresu<\/span><\/a><\/h4><\/div><div id=\"f7859346101932cde\" class=\"panel-collapse collapse \" aria-labelledby=\"toggle_f7859346101932cde\"><div class=\"panel-body toggle-content fusion-clearfix\"><div class=\"fusion-video fusion-youtube\" style=\"--awb-max-width:600px;--awb-max-height:360px;--awb-align-self:center;--awb-width:100%;\"><div class=\"video-shortcode\"><lite-youtube videoid=\"NvwEMuAr-fU\" class=\"landscape\" params=\"wmode=transparent&autoplay=1&amp;enablejsapi=1\" title=\"YouTube video player 3\" data-button-label=\"Play Video\" width=\"600\" height=\"360\" data-thumbnail-size=\"auto\" data-no-cookie=\"on\"><\/lite-youtube><\/div><\/div><\/div><\/div><\/div><div class=\"fusion-panel panel-default panel-9bcba0a541d6ac995 fusion-toggle-no-divider fusion-toggle-boxed-mode\"><div class=\"panel-heading\"><h4 class=\"panel-title toggle\" id=\"toggle_9bcba0a541d6ac995\"><a aria-expanded=\"false\" aria-controls=\"9bcba0a541d6ac995\" role=\"button\" data-toggle=\"collapse\" data-parent=\"#accordion-4548-1\" data-target=\"#9bcba0a541d6ac995\" href=\"#9bcba0a541d6ac995\"><span class=\"fusion-toggle-icon-wrapper\" aria-hidden=\"true\"><i class=\"fa-fusion-box active-icon awb-icon-minus\" aria-hidden=\"true\"><\/i><i class=\"fa-fusion-box inactive-icon awb-icon-plus\" aria-hidden=\"true\"><\/i><\/span><span class=\"fusion-toggle-heading\">Maria Grazia Panigada in dialogo con Glauco Mauri e Roberto Sturno<\/span><\/a><\/h4><\/div><div id=\"9bcba0a541d6ac995\" class=\"panel-collapse collapse \" aria-labelledby=\"toggle_9bcba0a541d6ac995\"><div class=\"panel-body toggle-content fusion-clearfix\"><div class=\"fusion-video fusion-youtube\" style=\"--awb-max-width:600px;--awb-max-height:360px;--awb-align-self:center;--awb-width:100%;\"><div class=\"video-shortcode\"><lite-youtube videoid=\"AA6-k4E55xE\" class=\"landscape\" params=\"wmode=transparent&autoplay=1&amp;enablejsapi=1\" title=\"YouTube video player 4\" data-button-label=\"Play Video\" width=\"600\" height=\"360\" data-thumbnail-size=\"auto\" data-no-cookie=\"on\"><\/lite-youtube><\/div><\/div><\/div><\/div><\/div><div class=\"fusion-panel panel-default panel-50c18dda263f2b196 fusion-toggle-no-divider fusion-toggle-boxed-mode\"><div class=\"panel-heading\"><h4 class=\"panel-title toggle\" id=\"toggle_50c18dda263f2b196\"><a aria-expanded=\"false\" aria-controls=\"50c18dda263f2b196\" role=\"button\" data-toggle=\"collapse\" data-parent=\"#accordion-4548-1\" data-target=\"#50c18dda263f2b196\" href=\"#50c18dda263f2b196\"><span class=\"fusion-toggle-icon-wrapper\" aria-hidden=\"true\"><i class=\"fa-fusion-box active-icon awb-icon-minus\" aria-hidden=\"true\"><\/i><i class=\"fa-fusion-box inactive-icon awb-icon-plus\" aria-hidden=\"true\"><\/i><\/span><span class=\"fusion-toggle-heading\">Francesco Micheli in dialogo con Elio, Rocco Tanica e Enrico Melozzi<\/span><\/a><\/h4><\/div><div id=\"50c18dda263f2b196\" class=\"panel-collapse collapse \" aria-labelledby=\"toggle_50c18dda263f2b196\"><div class=\"panel-body toggle-content fusion-clearfix\"><div class=\"fusion-video fusion-youtube\" style=\"--awb-max-width:600px;--awb-max-height:360px;--awb-align-self:center;--awb-width:100%;\"><div class=\"video-shortcode\"><lite-youtube videoid=\"tcEFfJgu8Pw\" class=\"landscape\" params=\"wmode=transparent&autoplay=1&amp;enablejsapi=1\" title=\"YouTube video player 5\" data-button-label=\"Play Video\" width=\"600\" height=\"360\" data-thumbnail-size=\"auto\" data-no-cookie=\"on\"><\/lite-youtube><\/div><\/div><\/div><\/div><\/div><div class=\"fusion-panel panel-default panel-fdd9077032f508029 fusion-toggle-no-divider fusion-toggle-boxed-mode\"><div class=\"panel-heading\"><h4 class=\"panel-title toggle\" id=\"toggle_fdd9077032f508029\"><a aria-expanded=\"false\" aria-controls=\"fdd9077032f508029\" role=\"button\" data-toggle=\"collapse\" data-parent=\"#accordion-4548-1\" data-target=\"#fdd9077032f508029\" href=\"#fdd9077032f508029\"><span class=\"fusion-toggle-icon-wrapper\" aria-hidden=\"true\"><i class=\"fa-fusion-box active-icon awb-icon-minus\" aria-hidden=\"true\"><\/i><i class=\"fa-fusion-box inactive-icon awb-icon-plus\" aria-hidden=\"true\"><\/i><\/span><span class=\"fusion-toggle-heading\">Maria Pia De Vito in dialogo con Luciano Linzi<\/span><\/a><\/h4><\/div><div id=\"fdd9077032f508029\" class=\"panel-collapse collapse \" aria-labelledby=\"toggle_fdd9077032f508029\"><div class=\"panel-body toggle-content fusion-clearfix\"><div class=\"fusion-video fusion-youtube\" style=\"--awb-max-width:600px;--awb-max-height:360px;--awb-align-self:center;--awb-width:100%;\"><div class=\"video-shortcode\"><lite-youtube videoid=\"jGJElhZ0JK8\" class=\"landscape\" params=\"wmode=transparent&autoplay=1&amp;enablejsapi=1\" title=\"YouTube video player 6\" data-button-label=\"Play Video\" width=\"600\" height=\"360\" data-thumbnail-size=\"auto\" data-no-cookie=\"on\"><\/lite-youtube><\/div><\/div><\/div><\/div><\/div><div class=\"fusion-panel panel-default panel-b6ff076509cea6ad8 fusion-toggle-no-divider fusion-toggle-boxed-mode\"><div class=\"panel-heading\"><h4 class=\"panel-title toggle\" id=\"toggle_b6ff076509cea6ad8\"><a aria-expanded=\"false\" aria-controls=\"b6ff076509cea6ad8\" role=\"button\" data-toggle=\"collapse\" data-parent=\"#accordion-4548-1\" data-target=\"#b6ff076509cea6ad8\" href=\"#b6ff076509cea6ad8\"><span class=\"fusion-toggle-icon-wrapper\" aria-hidden=\"true\"><i class=\"fa-fusion-box active-icon awb-icon-minus\" aria-hidden=\"true\"><\/i><i class=\"fa-fusion-box inactive-icon awb-icon-plus\" aria-hidden=\"true\"><\/i><\/span><span class=\"fusion-toggle-heading\">Maria Grazia Panigada in dialogo con Elio De Capitani e Marco Baliani<\/span><\/a><\/h4><\/div><div id=\"b6ff076509cea6ad8\" class=\"panel-collapse collapse \" aria-labelledby=\"toggle_b6ff076509cea6ad8\"><div class=\"panel-body toggle-content fusion-clearfix\"><div class=\"fusion-video fusion-youtube\" style=\"--awb-max-width:600px;--awb-max-height:360px;--awb-align-self:center;--awb-width:100%;\"><div class=\"video-shortcode\"><lite-youtube videoid=\"qV6Z1i5f1b4\" class=\"landscape\" params=\"wmode=transparent&autoplay=1&amp;enablejsapi=1\" title=\"YouTube video player 7\" data-button-label=\"Play Video\" width=\"600\" height=\"360\" data-thumbnail-size=\"auto\" data-no-cookie=\"on\"><\/lite-youtube><\/div><\/div><\/div><\/div><\/div><div class=\"fusion-panel panel-default panel-13acd8681066be501 fusion-toggle-no-divider fusion-toggle-boxed-mode\"><div class=\"panel-heading\"><h4 class=\"panel-title toggle\" id=\"toggle_13acd8681066be501\"><a aria-expanded=\"false\" aria-controls=\"13acd8681066be501\" role=\"button\" data-toggle=\"collapse\" data-parent=\"#accordion-4548-1\" data-target=\"#13acd8681066be501\" href=\"#13acd8681066be501\"><span class=\"fusion-toggle-icon-wrapper\" aria-hidden=\"true\"><i class=\"fa-fusion-box active-icon awb-icon-minus\" aria-hidden=\"true\"><\/i><i class=\"fa-fusion-box inactive-icon awb-icon-plus\" aria-hidden=\"true\"><\/i><\/span><span class=\"fusion-toggle-heading\">Francesco Micheli in dialogo con Alberto Mattioli<\/span><\/a><\/h4><\/div><div id=\"13acd8681066be501\" class=\"panel-collapse collapse \" aria-labelledby=\"toggle_13acd8681066be501\"><div class=\"panel-body toggle-content fusion-clearfix\"><div class=\"fusion-video fusion-youtube\" style=\"--awb-max-width:600px;--awb-max-height:360px;--awb-align-self:center;--awb-width:100%;\"><div class=\"video-shortcode\"><lite-youtube videoid=\"AKeN_PYQxgI\" class=\"landscape\" params=\"wmode=transparent&autoplay=1&amp;enablejsapi=1\" title=\"YouTube video player 8\" data-button-label=\"Play Video\" width=\"600\" height=\"360\" data-thumbnail-size=\"auto\" data-no-cookie=\"on\"><\/lite-youtube><\/div><\/div><\/div><\/div><\/div><div class=\"fusion-panel panel-default panel-417d5f540375ea9b9 fusion-toggle-no-divider fusion-toggle-boxed-mode\"><div class=\"panel-heading\"><h4 class=\"panel-title toggle\" id=\"toggle_417d5f540375ea9b9\"><a aria-expanded=\"false\" aria-controls=\"417d5f540375ea9b9\" role=\"button\" data-toggle=\"collapse\" data-parent=\"#accordion-4548-1\" data-target=\"#417d5f540375ea9b9\" href=\"#417d5f540375ea9b9\"><span class=\"fusion-toggle-icon-wrapper\" aria-hidden=\"true\"><i class=\"fa-fusion-box active-icon awb-icon-minus\" aria-hidden=\"true\"><\/i><i class=\"fa-fusion-box inactive-icon awb-icon-plus\" aria-hidden=\"true\"><\/i><\/span><span class=\"fusion-toggle-heading\">Maria Pia De Vito in dialogo con Luca Conti<\/span><\/a><\/h4><\/div><div id=\"417d5f540375ea9b9\" class=\"panel-collapse collapse \" aria-labelledby=\"toggle_417d5f540375ea9b9\"><div class=\"panel-body toggle-content fusion-clearfix\"><div class=\"fusion-video fusion-youtube\" style=\"--awb-max-width:600px;--awb-max-height:360px;--awb-align-self:center;--awb-width:100%;\"><div class=\"video-shortcode\"><lite-youtube videoid=\"mgs98aQmesc\" class=\"landscape\" params=\"wmode=transparent&autoplay=1&amp;enablejsapi=1\" title=\"YouTube video player 9\" data-button-label=\"Play Video\" width=\"600\" height=\"360\" data-thumbnail-size=\"auto\" data-no-cookie=\"on\"><\/lite-youtube><\/div><\/div><\/div><\/div><\/div><div class=\"fusion-panel panel-default panel-7c231c395567e090f fusion-toggle-no-divider fusion-toggle-boxed-mode\"><div class=\"panel-heading\"><h4 class=\"panel-title toggle\" id=\"toggle_7c231c395567e090f\"><a aria-expanded=\"false\" aria-controls=\"7c231c395567e090f\" role=\"button\" data-toggle=\"collapse\" data-parent=\"#accordion-4548-1\" data-target=\"#7c231c395567e090f\" href=\"#7c231c395567e090f\"><span class=\"fusion-toggle-icon-wrapper\" aria-hidden=\"true\"><i class=\"fa-fusion-box active-icon awb-icon-minus\" aria-hidden=\"true\"><\/i><i class=\"fa-fusion-box inactive-icon awb-icon-plus\" aria-hidden=\"true\"><\/i><\/span><span class=\"fusion-toggle-heading\">Maria Grazia Panigada in dialogo con Emma Dante e Serena Sinigaglia<\/span><\/a><\/h4><\/div><div id=\"7c231c395567e090f\" class=\"panel-collapse collapse \" aria-labelledby=\"toggle_7c231c395567e090f\"><div class=\"panel-body toggle-content fusion-clearfix\"><div class=\"fusion-video fusion-youtube\" style=\"--awb-max-width:600px;--awb-max-height:360px;--awb-align-self:center;--awb-width:100%;\"><div class=\"video-shortcode\"><lite-youtube videoid=\"Dxaj2KUUqo8\" class=\"landscape\" params=\"wmode=transparent&autoplay=1&amp;enablejsapi=1\" title=\"YouTube video player 10\" data-button-label=\"Play Video\" width=\"600\" height=\"360\" data-thumbnail-size=\"auto\" data-no-cookie=\"on\"><\/lite-youtube><\/div><\/div><\/div><\/div><\/div><div class=\"fusion-panel panel-default panel-c37fae48291c25c50 fusion-toggle-no-divider fusion-toggle-boxed-mode\"><div class=\"panel-heading\"><h4 class=\"panel-title toggle\" id=\"toggle_c37fae48291c25c50\"><a aria-expanded=\"false\" aria-controls=\"c37fae48291c25c50\" role=\"button\" data-toggle=\"collapse\" data-parent=\"#accordion-4548-1\" data-target=\"#c37fae48291c25c50\" href=\"#c37fae48291c25c50\"><span class=\"fusion-toggle-icon-wrapper\" aria-hidden=\"true\"><i class=\"fa-fusion-box active-icon awb-icon-minus\" aria-hidden=\"true\"><\/i><i class=\"fa-fusion-box inactive-icon awb-icon-plus\" aria-hidden=\"true\"><\/i><\/span><span class=\"fusion-toggle-heading\">Francesco Micheli in dialogo con Stefano Ricci<\/span><\/a><\/h4><\/div><div id=\"c37fae48291c25c50\" class=\"panel-collapse collapse \" aria-labelledby=\"toggle_c37fae48291c25c50\"><div class=\"panel-body toggle-content fusion-clearfix\"><div class=\"fusion-video fusion-youtube\" style=\"--awb-max-width:600px;--awb-max-height:360px;--awb-align-self:center;--awb-width:100%;\"><div class=\"video-shortcode\"><lite-youtube videoid=\"bT64EvrAGG8\" class=\"landscape\" params=\"wmode=transparent&autoplay=1&amp;enablejsapi=1\" title=\"YouTube video player 11\" data-button-label=\"Play Video\" width=\"600\" height=\"360\" data-thumbnail-size=\"auto\" data-no-cookie=\"on\"><\/lite-youtube><\/div><\/div><\/div><\/div><\/div><div class=\"fusion-panel panel-default panel-e7e319ea3a2034243 fusion-toggle-no-divider fusion-toggle-boxed-mode\"><div class=\"panel-heading\"><h4 class=\"panel-title toggle\" id=\"toggle_e7e319ea3a2034243\"><a aria-expanded=\"false\" aria-controls=\"e7e319ea3a2034243\" role=\"button\" data-toggle=\"collapse\" data-parent=\"#accordion-4548-1\" data-target=\"#e7e319ea3a2034243\" href=\"#e7e319ea3a2034243\"><span class=\"fusion-toggle-icon-wrapper\" aria-hidden=\"true\"><i class=\"fa-fusion-box active-icon awb-icon-minus\" aria-hidden=\"true\"><\/i><i class=\"fa-fusion-box inactive-icon awb-icon-plus\" aria-hidden=\"true\"><\/i><\/span><span class=\"fusion-toggle-heading\">Maria Pia De Vito in dialogo con Gianluigi Trovesi<\/span><\/a><\/h4><\/div><div id=\"e7e319ea3a2034243\" class=\"panel-collapse collapse \" aria-labelledby=\"toggle_e7e319ea3a2034243\"><div class=\"panel-body toggle-content fusion-clearfix\"><div class=\"fusion-video fusion-youtube\" style=\"--awb-max-width:600px;--awb-max-height:360px;--awb-align-self:center;--awb-width:100%;\"><div class=\"video-shortcode\"><lite-youtube videoid=\"wAV1AO4aXL4\" class=\"landscape\" params=\"wmode=transparent&autoplay=1&amp;enablejsapi=1\" title=\"YouTube video player 12\" data-button-label=\"Play Video\" width=\"600\" height=\"360\" data-thumbnail-size=\"auto\" data-no-cookie=\"on\"><\/lite-youtube><\/div><\/div><\/div><\/div><\/div><\/div><\/div><div class=\"fusion-separator fusion-full-width-sep\" style=\"align-self: center;margin-left: auto;margin-right: auto;margin-top:50px;margin-bottom:50px;width:100%;\"><div class=\"fusion-separator-border sep-single sep-solid\" style=\"--awb-height:20px;--awb-amount:20px;--awb-sep-color:#e00000;border-color:#e00000;border-top-width:2px;\"><\/div><\/div><\/div><\/div><\/div><\/div><\/p>\n","protected":false},"excerpt":{"rendered":"","protected":false},"author":1,"featured_media":0,"parent":0,"menu_order":0,"comment_status":"closed","ping_status":"closed","template":"","meta":{"footnotes":""},"folder":[],"class_list":["post-4548","page","type-page","status-publish","hentry"],"_links":{"self":[{"href":"https:\/\/www.teatrodonizetti.it\/it\/wp-json\/wp\/v2\/pages\/4548","targetHints":{"allow":["GET"]}}],"collection":[{"href":"https:\/\/www.teatrodonizetti.it\/it\/wp-json\/wp\/v2\/pages"}],"about":[{"href":"https:\/\/www.teatrodonizetti.it\/it\/wp-json\/wp\/v2\/types\/page"}],"author":[{"embeddable":true,"href":"https:\/\/www.teatrodonizetti.it\/it\/wp-json\/wp\/v2\/users\/1"}],"replies":[{"embeddable":true,"href":"https:\/\/www.teatrodonizetti.it\/it\/wp-json\/wp\/v2\/comments?post=4548"}],"version-history":[{"count":0,"href":"https:\/\/www.teatrodonizetti.it\/it\/wp-json\/wp\/v2\/pages\/4548\/revisions"}],"wp:attachment":[{"href":"https:\/\/www.teatrodonizetti.it\/it\/wp-json\/wp\/v2\/media?parent=4548"}],"wp:term":[{"taxonomy":"folder","embeddable":true,"href":"https:\/\/www.teatrodonizetti.it\/it\/wp-json\/wp\/v2\/folder?post=4548"}],"curies":[{"name":"wp","href":"https:\/\/api.w.org\/{rel}","templated":true}]}}