{"id":4302,"date":"2021-02-17T09:35:20","date_gmt":"2021-02-17T08:35:20","guid":{"rendered":"http:\/\/www.teatrodonizetti.it\/linizio-di-un-nuovo-grande-viaggio-copy\/"},"modified":"2021-02-17T12:27:50","modified_gmt":"2021-02-17T11:27:50","slug":"vanita-del-vero","status":"publish","type":"page","link":"https:\/\/www.teatrodonizetti.it\/it\/vanita-del-vero\/","title":{"rendered":"Vanit\u00e0 del vero"},"content":{"rendered":"<p><div class=\"fusion-fullwidth fullwidth-box fusion-builder-row-1 fusion-flex-container nonhundred-percent-fullwidth non-hundred-percent-height-scrolling\" style=\"--awb-border-radius-top-left:0px;--awb-border-radius-top-right:0px;--awb-border-radius-bottom-right:0px;--awb-border-radius-bottom-left:0px;--awb-padding-bottom:50px;--awb-flex-wrap:wrap;\" ><div class=\"fusion-builder-row fusion-row fusion-flex-align-items-flex-start fusion-flex-content-wrap\" style=\"max-width:1331.2px;margin-left: calc(-4% \/ 2 );margin-right: calc(-4% \/ 2 );\"><div class=\"fusion-layout-column fusion_builder_column fusion-builder-column-0 fusion_builder_column_1_1 1_1 fusion-flex-column\" style=\"--awb-bg-size:cover;--awb-width-large:100%;--awb-margin-top-large:0px;--awb-spacing-right-large:1.92%;--awb-margin-bottom-large:20px;--awb-spacing-left-large:1.92%;--awb-width-medium:100%;--awb-order-medium:0;--awb-spacing-right-medium:1.92%;--awb-spacing-left-medium:1.92%;--awb-width-small:100%;--awb-order-small:0;--awb-spacing-right-small:1.92%;--awb-spacing-left-small:1.92%;\"><div class=\"fusion-column-wrapper fusion-column-has-shadow fusion-flex-justify-content-flex-start fusion-content-layout-column\"><div class=\"fusion-text fusion-text-1\"><h1 style=\"text-align: center;\"><strong>Vanit\u00e0 del vero.<\/strong><\/h1>\n<p style=\"text-align: center;\">Sogno o realt\u00e0? Verit\u00e0 o rappresentazione? Questo \u00e8 il luogo dove non esistono confini.<br \/>\nI grandi interpreti del Teatro Donizetti stanno per tornare a casa.<\/p>\n<\/div><\/div><\/div><\/div><\/div><div class=\"fusion-fullwidth fullwidth-box fusion-builder-row-2 hundred-percent-fullwidth non-hundred-percent-height-scrolling fusion-equal-height-columns fusion-no-small-visibility fusion-no-medium-visibility\" style=\"--awb-border-sizes-top:0;--awb-border-sizes-bottom:0;--awb-border-sizes-left:0;--awb-border-sizes-right:0;--awb-border-radius-top-left:0px;--awb-border-radius-top-right:0px;--awb-border-radius-bottom-right:0px;--awb-border-radius-bottom-left:0px;--awb-padding-top:0px;--awb-padding-right:0px;--awb-padding-bottom:0px;--awb-padding-left:0px;--awb-flex-wrap:wrap;\" ><div class=\"fusion-builder-row fusion-row\"><div class=\"fusion-layout-column fusion_builder_column fusion-builder-column-1 fusion_builder_column_1_2 1_2 fusion-one-half fusion-column-first\" style=\"--awb-padding-top:15%;--awb-padding-right:15%;--awb-padding-bottom:15%;--awb-padding-left:15%;--awb-bg-color:#ececec;--awb-bg-color-hover:#ececec;--awb-bg-size:cover;--awb-margin-bottom:0px;width:50%;width:calc(50% - ( ( 0 ) * 0.5 ) );margin-right: 0px;\"><div class=\"fusion-column-wrapper fusion-column-has-shadow fusion-flex-column-wrapper-legacy\"><div class=\"fusion-text fusion-text-2\"><h3><strong>10 Giugno 1954, Teatro Donizetti, Bergamo<\/strong><\/h3>\n<p>La qualit\u00e0 di un teatro \u00e8 la risultante della caratura di chi ne anima il palcoscenico.<br \/>\nSono gli interpreti a fare grande uno spettacolo. Consapevoli di questo ci piace ricordare con orgoglio quelle occasioni in cui il Donizetti \u00e8 stato calcato dai pi\u00f9 grandi. Nel 1954 Maria Callas, la musa delle muse, ha incantato il pubblico di Bergamo con la sua Lucia di Lammermoor, generando un tripudio di applausi alla conclusione dello spettacolo. Insieme a lei sono molti gli ospiti illustri da ricordare: il nostro Gianandrea Gavazzeni, eterno maestro e uomo di cultura, Vittorio Gassman, Carla Fracci, Giuseppe Di Stefano, Toni Servillo e numerosi altri. Per ogni ospite, e per tutti quelli futuri, siamo grati, grati di farci assistere alla grandiosit\u00e0 dell\u2019arte.<\/p>\n<\/div><div class=\"fusion-clearfix\"><\/div><\/div><\/div><div class=\"fusion-layout-column fusion_builder_column fusion-builder-column-2 fusion_builder_column_1_2 1_2 fusion-one-half fusion-column-last\" style=\"--awb-padding-top:100px;--awb-padding-right:100px;--awb-padding-bottom:100px;--awb-padding-left:100px;--awb-bg-image:url(&#039;http:\/\/www.teatrodonizetti.it\/wp-content\/uploads\/2021\/02\/1920x1259_8.jpg&#039;);--awb-bg-position:center center;--awb-bg-size:cover;--awb-margin-bottom:0px;width:50%;width:calc(50% - ( ( 0 ) * 0.5 ) );\"><div class=\"fusion-column-wrapper fusion-column-has-shadow fusion-flex-column-wrapper-legacy fusion-empty-column-bg-image fusion-column-has-bg-image\" data-bg-url=\"http:\/\/www.teatrodonizetti.it\/wp-content\/uploads\/2021\/02\/1920x1259_8.jpg\"><img decoding=\"async\" class=\"fusion-empty-dims-img-placeholder fusion-no-large-visibility\" src=\"data:image\/gif;base64,R0lGODlhAQABAAAAACH5BAEKAAEALAAAAAABAAEAAAICTAEAOw==\"><div class=\"fusion-clearfix\"><\/div><\/div><\/div><\/div><\/div><div class=\"fusion-fullwidth fullwidth-box fusion-builder-row-3 hundred-percent-fullwidth non-hundred-percent-height-scrolling fusion-equal-height-columns fusion-no-large-visibility\" style=\"--awb-border-sizes-top:0;--awb-border-sizes-bottom:0;--awb-border-sizes-left:0;--awb-border-sizes-right:0;--awb-border-radius-top-left:0px;--awb-border-radius-top-right:0px;--awb-border-radius-bottom-right:0px;--awb-border-radius-bottom-left:0px;--awb-padding-top:0px;--awb-padding-right:0px;--awb-padding-bottom:0px;--awb-padding-left:0px;--awb-flex-wrap:wrap;\" ><div class=\"fusion-builder-row fusion-row\"><div class=\"fusion-layout-column fusion_builder_column fusion-builder-column-3 fusion_builder_column_1_2 1_2 fusion-one-half fusion-column-first\" style=\"--awb-padding-top:100px;--awb-padding-right:100px;--awb-padding-bottom:100px;--awb-padding-left:100px;--awb-bg-image:url(&#039;http:\/\/www.teatrodonizetti.it\/wp-content\/uploads\/2021\/02\/1920x1259_8.jpg&#039;);--awb-bg-position:center center;--awb-bg-size:cover;--awb-margin-bottom:0px;width:50%;width:calc(50% - ( ( 0 ) * 0.5 ) );margin-right: 0px;\"><div class=\"fusion-column-wrapper fusion-column-has-shadow fusion-flex-column-wrapper-legacy fusion-empty-column-bg-image fusion-column-has-bg-image\" data-bg-url=\"http:\/\/www.teatrodonizetti.it\/wp-content\/uploads\/2021\/02\/1920x1259_8.jpg\"><img decoding=\"async\" class=\"fusion-empty-dims-img-placeholder fusion-no-large-visibility\" src=\"data:image\/gif;base64,R0lGODlhAQABAAAAACH5BAEKAAEALAAAAAABAAEAAAICTAEAOw==\"><div class=\"fusion-clearfix\"><\/div><\/div><\/div><div class=\"fusion-layout-column fusion_builder_column fusion-builder-column-4 fusion_builder_column_1_2 1_2 fusion-one-half fusion-column-last\" style=\"--awb-padding-top:15%;--awb-padding-right:15%;--awb-padding-bottom:15%;--awb-padding-left:15%;--awb-bg-color:#ececec;--awb-bg-color-hover:#ececec;--awb-bg-size:cover;--awb-margin-bottom:0px;width:50%;width:calc(50% - ( ( 0 ) * 0.5 ) );\"><div class=\"fusion-column-wrapper fusion-column-has-shadow fusion-flex-column-wrapper-legacy\"><div class=\"fusion-text fusion-text-3\"><h3><strong>10 Giugno 1954, Teatro Donizetti, Bergamo<\/strong><\/h3>\n<p>La qualit\u00e0 di un teatro \u00e8 la risultante della caratura di chi ne anima il palcoscenico.<br \/>\nSono gli interpreti a fare grande uno spettacolo. Consapevoli di questo ci piace ricordare con orgoglio quelle occasioni in cui il Donizetti \u00e8 stato calcato dai pi\u00f9 grandi. Nel 1954 Maria Callas, la musa delle muse, ha incantato il pubblico di Bergamo con la sua Lucia di Lammermoor, generando un tripudio di applausi alla conclusione dello spettacolo. Insieme a lei sono molti gli ospiti illustri da ricordare: il nostro Gianandrea Gavazzeni, eterno maestro e uomo di cultura, Vittorio Gassman, Carla Fracci, Giuseppe Di Stefano, Toni Servillo e numerosi altri. Per ogni ospite, e per tutti quelli futuri, siamo grati, grati di farci assistere alla grandiosit\u00e0 dell\u2019arte.<\/p>\n<\/div><div class=\"fusion-clearfix\"><\/div><\/div><\/div><\/div><\/div><div class=\"fusion-fullwidth fullwidth-box fusion-builder-row-4 hundred-percent-fullwidth non-hundred-percent-height-scrolling fusion-equal-height-columns\" style=\"--awb-border-sizes-top:0;--awb-border-sizes-bottom:0;--awb-border-sizes-left:0;--awb-border-sizes-right:0;--awb-border-radius-top-left:0px;--awb-border-radius-top-right:0px;--awb-border-radius-bottom-right:0px;--awb-border-radius-bottom-left:0px;--awb-padding-top:0px;--awb-padding-right:0px;--awb-padding-bottom:0px;--awb-padding-left:0px;--awb-flex-wrap:wrap;\" ><div class=\"fusion-builder-row fusion-row\"><div class=\"fusion-layout-column fusion_builder_column fusion-builder-column-5 fusion_builder_column_1_2 1_2 fusion-one-half fusion-column-first\" style=\"--awb-padding-top:100px;--awb-padding-right:100px;--awb-padding-bottom:100px;--awb-padding-left:100px;--awb-bg-image:url(&#039;http:\/\/www.teatrodonizetti.it\/wp-content\/uploads\/2021\/02\/1920x1259_9.jpg&#039;);--awb-bg-position:center center;--awb-bg-size:cover;--awb-margin-bottom:0px;width:50%;width:calc(50% - ( ( 0 ) * 0.5 ) );margin-right: 0px;\"><div class=\"fusion-column-wrapper fusion-column-has-shadow fusion-flex-column-wrapper-legacy fusion-empty-column-bg-image fusion-column-has-bg-image\" data-bg-url=\"http:\/\/www.teatrodonizetti.it\/wp-content\/uploads\/2021\/02\/1920x1259_9.jpg\"><img decoding=\"async\" class=\"fusion-empty-dims-img-placeholder fusion-no-large-visibility\" src=\"data:image\/gif;base64,R0lGODlhAQABAAAAACH5BAEKAAEALAAAAAABAAEAAAICTAEAOw==\"><div class=\"fusion-clearfix\"><\/div><\/div><\/div><div class=\"fusion-layout-column fusion_builder_column fusion-builder-column-6 fusion_builder_column_1_2 1_2 fusion-one-half fusion-column-last\" style=\"--awb-padding-top:15%;--awb-padding-right:15%;--awb-padding-bottom:15%;--awb-padding-left:15%;--awb-bg-color:#ececec;--awb-bg-color-hover:#ececec;--awb-bg-size:cover;--awb-margin-bottom:0px;width:50%;width:calc(50% - ( ( 0 ) * 0.5 ) );\"><div class=\"fusion-column-wrapper fusion-column-has-shadow fusion-flex-column-wrapper-legacy\"><div class=\"fusion-text fusion-text-4\"><h3><strong>Camerini &#8211; Ampliamento e modernizzazione<\/strong><\/h3>\n<p>Il teatro una signora, le rappresentazioni i suoi vestiti. Ogni volta che il sipario si alza, eccolo mostrarsi in un abito tutto nuovo: l\u2019Opera diventa cos\u00ec un elegante vestito da sera, l\u2019Operetta un completo plissettato e brillante, il jazz un lungo vestito dalle tonalit\u00e0 della notte. Con la progettazione dei lavori abbiamo pensato ad abiti sempre pi\u00f9 ambiziosi, a spettacoli sempre pi\u00f9 complessi. Abbiamo cos\u00ec realizzato un intervento di modernizzazione e ampliamento dell\u2019area camerini, per permettere agli artisti di tessere al meglio l\u2019abito del vostro prossimo sogno.<\/p>\n<\/div><div class=\"fusion-clearfix\"><\/div><\/div><\/div><\/div><\/div><div class=\"fusion-fullwidth fullwidth-box fusion-builder-row-5 fusion-flex-container nonhundred-percent-fullwidth non-hundred-percent-height-scrolling\" style=\"--awb-border-radius-top-left:0px;--awb-border-radius-top-right:0px;--awb-border-radius-bottom-right:0px;--awb-border-radius-bottom-left:0px;--awb-padding-top:60px;--awb-flex-wrap:wrap;\" ><div class=\"fusion-builder-row fusion-row fusion-flex-align-items-flex-start fusion-flex-content-wrap\" style=\"max-width:1331.2px;margin-left: calc(-4% \/ 2 );margin-right: calc(-4% \/ 2 );\"><div class=\"fusion-layout-column fusion_builder_column fusion-builder-column-7 fusion_builder_column_1_3 1_3 fusion-flex-column title-box\" style=\"--awb-bg-size:cover;--awb-width-large:33.333333333333%;--awb-margin-top-large:0px;--awb-spacing-right-large:5.76%;--awb-margin-bottom-large:0px;--awb-spacing-left-large:5.76%;--awb-width-medium:33.333333333333%;--awb-order-medium:0;--awb-spacing-right-medium:5.76%;--awb-spacing-left-medium:5.76%;--awb-width-small:33.333333333333%;--awb-order-small:0;--awb-spacing-right-small:5.76%;--awb-spacing-left-small:5.76%;\"><div class=\"fusion-column-wrapper fusion-column-has-shadow fusion-flex-justify-content-flex-start fusion-content-layout-column\"><div style=\"text-align:center;\"><a class=\"fusion-button button-flat button-large button-custom fusion-button-default button-1 fusion-button-span-no fusion-button-default-type fusion-no-small-visibility fusion-no-medium-visibility scopri_black\" style=\"--button_accent_color:#000000;--button_border_color:#000000;--button_accent_hover_color:#ffffff;--button_border_hover_color:#000000;--button_border_width-top:1px;--button_border_width-right:1px;--button_border_width-bottom:1px;--button_border_width-left:1px;--button_gradient_top_color:rgba(190,0,0,0);--button_gradient_bottom_color:rgba(190,0,0,0);--button_gradient_top_color_hover:#444444;--button_gradient_bottom_color_hover:#444444;--button_text_transform:uppercase;\" target=\"_self\" href=\"http:\/\/www.teatrodonizetti.it\/it\/virtu-manifesta\/\"><span class=\"fusion-button-text awb-button__text awb-button__text--default\">&lt;&lt; Precedente<\/span><\/a><\/div><div style=\"text-align:center;\"><a class=\"fusion-button button-flat button-large button-custom fusion-button-default button-2 fusion-button-span-no fusion-button-default-type fusion-no-large-visibility scopri_black\" style=\"--button_accent_color:#000000;--button_border_color:#000000;--button_accent_hover_color:#ffffff;--button_border_hover_color:#000000;--button_border_width-top:1px;--button_border_width-right:1px;--button_border_width-bottom:1px;--button_border_width-left:1px;--button_gradient_top_color:rgba(190,0,0,0);--button_gradient_bottom_color:rgba(190,0,0,0);--button_gradient_top_color_hover:#444444;--button_gradient_bottom_color_hover:#444444;--button_text_transform:uppercase;\" target=\"_self\" href=\"http:\/\/www.teatrodonizetti.it\/it\/virtu-manifesta\/\"><span class=\"fusion-button-text awb-button__text awb-button__text--default\">&lt;&lt;<\/span><\/a><\/div><\/div><\/div><div class=\"fusion-layout-column fusion_builder_column fusion-builder-column-8 fusion_builder_column_1_3 1_3 fusion-flex-column title-box\" style=\"--awb-bg-size:cover;--awb-width-large:33.333333333333%;--awb-margin-top-large:0px;--awb-spacing-right-large:5.76%;--awb-margin-bottom-large:0px;--awb-spacing-left-large:5.76%;--awb-width-medium:33.333333333333%;--awb-order-medium:0;--awb-spacing-right-medium:5.76%;--awb-spacing-left-medium:5.76%;--awb-width-small:33.333333333333%;--awb-order-small:0;--awb-spacing-right-small:5.76%;--awb-spacing-left-small:5.76%;\"><div class=\"fusion-column-wrapper fusion-column-has-shadow fusion-flex-justify-content-flex-start fusion-content-layout-column\"><\/div><\/div><div class=\"fusion-layout-column fusion_builder_column fusion-builder-column-9 fusion_builder_column_1_3 1_3 fusion-flex-column title-box\" style=\"--awb-bg-size:cover;--awb-width-large:33.333333333333%;--awb-margin-top-large:0px;--awb-spacing-right-large:5.76%;--awb-margin-bottom-large:0px;--awb-spacing-left-large:5.76%;--awb-width-medium:33.333333333333%;--awb-order-medium:0;--awb-spacing-right-medium:5.76%;--awb-spacing-left-medium:5.76%;--awb-width-small:33.333333333333%;--awb-order-small:0;--awb-spacing-right-small:5.76%;--awb-spacing-left-small:5.76%;\"><div class=\"fusion-column-wrapper fusion-column-has-shadow fusion-flex-justify-content-flex-start fusion-content-layout-column\"><div style=\"text-align:center;\"><a class=\"fusion-button button-flat button-large button-custom fusion-button-default button-3 fusion-button-span-no fusion-button-default-type fusion-no-small-visibility fusion-no-medium-visibility scopri_black\" style=\"--button_accent_color:#000000;--button_border_color:#000000;--button_accent_hover_color:#ffffff;--button_border_hover_color:#000000;--button_border_width-top:1px;--button_border_width-right:1px;--button_border_width-bottom:1px;--button_border_width-left:1px;--button_gradient_top_color:rgba(190,0,0,0);--button_gradient_bottom_color:rgba(190,0,0,0);--button_gradient_top_color_hover:#444444;--button_gradient_bottom_color_hover:#444444;--button_text_transform:uppercase;\" target=\"_self\" href=\"http:\/\/www.teatrodonizetti.it\/it\/dellimpeto-e-della-grazia\/\"><span class=\"fusion-button-text awb-button__text awb-button__text--default\">Successivo &gt;&gt;<\/span><\/a><\/div><div style=\"text-align:center;\"><a class=\"fusion-button button-flat button-large button-custom fusion-button-default button-4 fusion-button-span-no fusion-button-default-type fusion-no-large-visibility scopri_black\" style=\"--button_accent_color:#000000;--button_border_color:#000000;--button_accent_hover_color:#ffffff;--button_border_hover_color:#000000;--button_border_width-top:1px;--button_border_width-right:1px;--button_border_width-bottom:1px;--button_border_width-left:1px;--button_gradient_top_color:rgba(190,0,0,0);--button_gradient_bottom_color:rgba(190,0,0,0);--button_gradient_top_color_hover:#444444;--button_gradient_bottom_color_hover:#444444;--button_text_transform:uppercase;\" target=\"_self\" href=\"http:\/\/www.teatrodonizetti.it\/it\/dellimpeto-e-della-grazia\/\"><span class=\"fusion-button-text awb-button__text awb-button__text--default\">&gt;&gt;<\/span><\/a><\/div><\/div><\/div><\/div><\/div><\/p>\n","protected":false},"excerpt":{"rendered":"","protected":false},"author":1,"featured_media":0,"parent":0,"menu_order":0,"comment_status":"closed","ping_status":"closed","template":"100-width.php","meta":{"footnotes":""},"folder":[],"class_list":["post-4302","page","type-page","status-publish","hentry"],"_links":{"self":[{"href":"https:\/\/www.teatrodonizetti.it\/it\/wp-json\/wp\/v2\/pages\/4302","targetHints":{"allow":["GET"]}}],"collection":[{"href":"https:\/\/www.teatrodonizetti.it\/it\/wp-json\/wp\/v2\/pages"}],"about":[{"href":"https:\/\/www.teatrodonizetti.it\/it\/wp-json\/wp\/v2\/types\/page"}],"author":[{"embeddable":true,"href":"https:\/\/www.teatrodonizetti.it\/it\/wp-json\/wp\/v2\/users\/1"}],"replies":[{"embeddable":true,"href":"https:\/\/www.teatrodonizetti.it\/it\/wp-json\/wp\/v2\/comments?post=4302"}],"version-history":[{"count":0,"href":"https:\/\/www.teatrodonizetti.it\/it\/wp-json\/wp\/v2\/pages\/4302\/revisions"}],"wp:attachment":[{"href":"https:\/\/www.teatrodonizetti.it\/it\/wp-json\/wp\/v2\/media?parent=4302"}],"wp:term":[{"taxonomy":"folder","embeddable":true,"href":"https:\/\/www.teatrodonizetti.it\/it\/wp-json\/wp\/v2\/folder?post=4302"}],"curies":[{"name":"wp","href":"https:\/\/api.w.org\/{rel}","templated":true}]}}